{"id":125,"date":"2025-12-22T05:51:43","date_gmt":"2025-12-22T04:51:43","guid":{"rendered":"https:\/\/www.gaes.hu\/datenschutzerklaerung\/"},"modified":"2026-01-13T23:24:21","modified_gmt":"2026-01-13T22:24:21","slug":"datenschutzerklaerung","status":"publish","type":"page","link":"https:\/\/www.gaes.hu\/de\/datenschutzerklaerung\/","title":{"rendered":"Datenschutzerkl\u00e4rung"},"content":{"rendered":"\n<p><strong>Datenschutzerkl\u00e4rung zur Nutzung der Website<\/strong><\/p>\n\n<p>Die Adresse unserer Website lautet: https:\/\/www.gaes.hu<\/p>\n\n<p>Unsere Kontakt-E-Mail-Adresse: info@gaes.hu<\/p>\n\n<p><strong>Kommentare<\/strong><\/p>\n\n<p>Wenn Besucher Kommentare auf der Website hinterlassen, erfassen wir die im Kommentarformular angegebenen Daten sowie die IP-Adresse und Browser-Identifikationsdaten des Besuchers, um die automatische Erkennung unerw\u00fcnschter Inhalte zu unterst\u00fctzen.<\/p>\n\n<p>Eine aus Ihrer E-Mail-Adresse erstellte anonymisierte Zeichenfolge (auch Hash genannt) kann an den Gravatar-Dienst \u00fcbermittelt werden, um zu \u00fcberpr\u00fcfen, ob Sie diesen Dienst nutzen. Die Datenschutzerkl\u00e4rung von Gravatar finden Sie unter: https:\/\/automattic.com\/privacy\/. Nach Genehmigung Ihres Kommentars wird Ihr Profilbild \u00f6ffentlich neben Ihrem Kommentar angezeigt.<\/p>\n\n<p><strong>Medien<\/strong><\/p>\n\n<p>Wenn Sie Bilder auf die Website hochladen, vermeiden Sie bitte das Hochladen von Bildern, die eingebettete Standortdaten (EXIF GPS) enthalten. Denn die Besucher der Website k\u00f6nnen die in den Bildern enthaltenen Standortdaten herunterladen und extrahieren.<\/p>\n\n<p><strong>Cookies<\/strong><\/p>\n\n<p>Wenn Sie einen Kommentar auf der Website hinterlassen, k\u00f6nnen Sie w\u00e4hlen, Ihren Namen, Ihre E-Mail-Adresse und Ihre Website in Cookies zu speichern. Dies dient Ihrer Bequemlichkeit, damit Sie Ihre Daten bei einem weiteren Kommentar nicht erneut eingeben m\u00fcssen. Diese Cookies bleiben ein Jahr lang g\u00fcltig.<\/p>\n\n<p>Wenn Sie die Anmeldeseite besuchen, setzen wir ein tempor\u00e4res Cookie, um zu \u00fcberpr\u00fcfen, ob Ihr Browser Cookies akzeptiert. Dieses Cookie enth\u00e4lt keine pers\u00f6nlichen Daten und wird beim Schlie\u00dfen des Browsers automatisch gel\u00f6scht.<\/p>\n\n<p>Beim Anmelden setzen wir mehrere Cookies, um Ihre Anmeldedaten und Bildschirmdarstellungsoptionen zu speichern. Die Anmelde-Cookies bleiben zwei Tage lang und die Cookies f\u00fcr die Bildschirmoptionen ein Jahr lang g\u00fcltig. Wenn Sie die Option \u201eAngemeldet bleiben\u201c w\u00e4hlen, bleibt die Anmeldung zwei Wochen lang aktiv. Beim Abmelden werden die Anmelde-Cookies gel\u00f6scht.<\/p>\n\n<p>Wenn Sie einen Beitrag bearbeiten oder ver\u00f6ffentlichen, wird ein zus\u00e4tzliches Cookie in Ihrem Browser gespeichert. Dieses Cookie enth\u00e4lt keine pers\u00f6nlichen Daten, es speichert lediglich die ID des bearbeiteten Beitrags und l\u00e4uft nach einem Tag ab.<\/p>\n\n<p><strong>Eingebettete Inhalte von anderen Websites<\/strong><\/p>\n\n<p>Beitr\u00e4ge auf dieser Website k\u00f6nnen auch eingebettete Inhalte enthalten (z. B. Videos, Bilder, Artikel usw.). Eingebettete Inhalte von anderen Websites verhalten sich genau so, als ob der Besucher die andere Website direkt besucht h\u00e4tte.<\/p>\n\n<p>Diese Websites k\u00f6nnen Daten \u00fcber Sie sammeln, Cookies verwenden, Tracking durch Dritte einbetten und Ihre Interaktionen mit dem eingebetteten Inhalt verfolgen, wenn Sie ein Konto auf dieser Website haben und dort angemeldet sind.<\/p>\n\n<p><strong>Mit wem wir Ihre Daten teilen<\/strong><\/p>\n\n<p>Im Falle einer Anfrage zur Passwortzur\u00fccksetzung wird die IP-Adresse in die E-Mail zur Zur\u00fccksetzung aufgenommen.<\/p>\n\n<p><strong>Wie lange wir Ihre Daten speichern<\/strong><\/p>\n\n<p>Wenn Sie einen Kommentar hinterlassen, werden der Kommentar und seine Metadaten auf unbestimmte Zeit gespeichert. Dies geschieht, damit wir Ihre Folgekommentare automatisch erkennen und genehmigen k\u00f6nnen, ohne dass sie in eine Moderationswarteschlange gelangen.<\/p>\n\n<p>F\u00fcr Benutzer, die sich auf unserer Website registrieren (falls diese Option verf\u00fcgbar ist), speichern wir auch die pers\u00f6nlichen Daten, die im Benutzerprofil angegeben werden. Jeder Benutzer ist berechtigt, seine pers\u00f6nlichen Daten einzusehen, zu \u00e4ndern oder zu l\u00f6schen (mit Ausnahme des Benutzernamens). Die Administratoren der Website k\u00f6nnen diese Daten ebenfalls einsehen und bearbeiten.<\/p>\n\n<p><strong>Ihre Datenschutzrechte<\/strong><\/p>\n\n<p>Wenn Sie ein Benutzerkonto auf dieser Website haben oder Kommentare geschrieben haben, k\u00f6nnen Sie die Herausgabe der \u00fcber Sie gespeicherten pers\u00f6nlichen Daten in einer exportierten Datei anfordern, einschlie\u00dflich aller von Ihnen bereitgestellten Daten. Sie k\u00f6nnen auch die L\u00f6schung aller \u00fcber Sie gespeicherten pers\u00f6nlichen Daten beantragen. Dies gilt nicht f\u00fcr Daten, die wir aufgrund rechtlicher, administrativer oder sicherheitsrelevanter Verpflichtungen aufbewahren m\u00fcssen.<\/p>\n\n<p><strong>Wohin Ihre Daten \u00fcbermittelt werden<\/strong><\/p>\n\n<p>Besucherkommentare k\u00f6nnen \u00fcber einen automatischen Dienst zur Erkennung unerw\u00fcnschter Inhalte \u00fcberpr\u00fcft werden.<\/p>\n\n<p><strong>Fehlermeldung<\/strong><\/p>\n\n<p>Wenn Sie der Meinung sind, dass auf unserer Website eine Datenschutzverletzung stattgefunden hat, kontaktieren Sie uns bitte unter der E-Mail-Adresse info@gaes.hu oder \u00fcber das Kontaktformular.<\/p>\n","protected":false},"excerpt":{"rendered":"<p>Datenschutzerkl\u00e4rung zur Nutzung der Website Die Adresse unserer Website lautet: https:\/\/www.gaes.hu Unsere Kontakt-E-Mail-Adresse: info@gaes.hu Kommentare Wenn Besucher Kommentare auf der Website hinterlassen, erfassen wir die im Kommentarformular angegebenen Daten sowie die IP-Adresse und Browser-Identifikationsdaten des Besuchers, um die automatische Erkennung unerw\u00fcnschter Inhalte zu unterst\u00fctzen. Eine aus Ihrer E-Mail-Adresse erstellte anonymisierte Zeichenfolge (auch Hash genannt) kann [&hellip;]<\/p>\n","protected":false},"author":1,"featured_media":0,"parent":0,"menu_order":0,"comment_status":"closed","ping_status":"open","template":"","meta":{"_eb_attr":"","_themeisle_gutenberg_block_has_review":false,"footnotes":""},"class_list":["post-125","page","type-page","status-publish","hentry"],"blocksy_meta":[],"_links":{"self":[{"href":"https:\/\/www.gaes.hu\/de\/wp-json\/wp\/v2\/pages\/125","targetHints":{"allow":["GET"]}}],"collection":[{"href":"https:\/\/www.gaes.hu\/de\/wp-json\/wp\/v2\/pages"}],"about":[{"href":"https:\/\/www.gaes.hu\/de\/wp-json\/wp\/v2\/types\/page"}],"author":[{"embeddable":true,"href":"https:\/\/www.gaes.hu\/de\/wp-json\/wp\/v2\/users\/1"}],"replies":[{"embeddable":true,"href":"https:\/\/www.gaes.hu\/de\/wp-json\/wp\/v2\/comments?post=125"}],"version-history":[{"count":1,"href":"https:\/\/www.gaes.hu\/de\/wp-json\/wp\/v2\/pages\/125\/revisions"}],"predecessor-version":[{"id":126,"href":"https:\/\/www.gaes.hu\/de\/wp-json\/wp\/v2\/pages\/125\/revisions\/126"}],"wp:attachment":[{"href":"https:\/\/www.gaes.hu\/de\/wp-json\/wp\/v2\/media?parent=125"}],"curies":[{"name":"wp","href":"https:\/\/api.w.org\/{rel}","templated":true}]}}