{"id":158,"date":"2026-01-13T23:05:13","date_gmt":"2026-01-13T22:05:13","guid":{"rendered":"https:\/\/www.gaes.hu\/unternehmen\/ueber-uns\/"},"modified":"2026-01-13T23:24:42","modified_gmt":"2026-01-13T22:24:42","slug":"ueber-uns","status":"publish","type":"page","link":"https:\/\/www.gaes.hu\/de\/unternehmen\/ueber-uns\/","title":{"rendered":"\u00dcber uns"},"content":{"rendered":"\n<div id=\"wp-block-themeisle-blocks-advanced-columns-c8ca2551\" class=\"wp-block-themeisle-blocks-advanced-columns alignfull has-1-columns has-desktop-equal-layout has-tablet-equal-layout has-mobile-equal-layout has-vertical-center\"><div class=\"wp-block-themeisle-blocks-advanced-columns-overlay\"><\/div><div class=\"innerblocks-wrap\">\n<div id=\"wp-block-themeisle-blocks-advanced-column-3437aeae\" class=\"wp-block-themeisle-blocks-advanced-column\">\n<h1 class=\"wp-block-heading has-text-color\" style=\"color:#ffffff;font-size:clamp(37.821px, 2.364rem + ((1vw - 3.2px) * 2.514), 70px);\">\u00dcber uns<\/h1>\n<\/div>\n<\/div><\/div>\n\n<div id=\"wp-block-themeisle-blocks-advanced-columns-8fbb683b\" class=\"wp-block-themeisle-blocks-advanced-columns alignfull has-2-columns has-desktop-equal-layout has-tablet-equal-layout has-mobile-collapsedRows-layout has-vertical-unset\"><div class=\"wp-block-themeisle-blocks-advanced-columns-overlay\"><\/div><div class=\"innerblocks-wrap\">\n<div id=\"wp-block-themeisle-blocks-advanced-column-620e3016\" class=\"wp-block-themeisle-blocks-advanced-column\">\n<h6 class=\"wp-block-heading has-text-color\" style=\"color:#ee3832\"><strong><strong>PR\u00dcFUNG UND ZERTIFIZIERUNG<\/strong><\/strong><\/h6>\n\n\n\n<h2 class=\"wp-block-heading has-text-color has-link-color wp-elements-1a278cbe131998d05924583350e8e9f9\" style=\"color:#070731;font-size:clamp(28.836px, 1.802rem + ((1vw - 3.2px) * 1.653), 50px);\"><strong><strong>Unsere Geschichte<\/strong><\/strong><\/h2>\n\n\n\n<p class=\"has-text-color has-link-color wp-elements-61e2859d3534645eebae515e71c3696e\" style=\"color:#070731\">GAES wurde von einem Expertenteam mit umfassender Erfahrung in den Bereichen Automobilproduktentwicklung, -pr\u00fcfung und -zertifizierung gegr\u00fcndet. Das Hauptt\u00e4tigkeitsfeld unseres Unternehmens ist die Erbringung von Pr\u00fcf- und Zertifizierungsdienstleistungen f\u00fcr Fahrzeuge, Systeme und Komponenten.<\/p>\n\n\n\n<p class=\"has-text-color has-link-color wp-elements-181368a9a5b651ec165aaafb7b194317\" style=\"color:#070731\">Unser Team verf\u00fcgt \u00fcber besonders umfangreiche Erfahrung in den Typgenehmigungsverfahren f\u00fcr Fahrzeuge, Systeme und Komponenten in Europa und der T\u00fcrkei. Mit diesem Fachwissen bietet GAES seinen Kunden weiterhin hochwertige Dienstleistungen an.<\/p>\n\n\n\n<div id=\"wp-block-themeisle-blocks-icon-list-747b6d8a\" class=\"wp-block-themeisle-blocks-icon-list\">\n<div id=\"wp-block-themeisle-blocks-icon-list-item-819ce30f\" class=\"wp-block-themeisle-blocks-icon-list-item\"><i class=\"fas fa-angle-right wp-block-themeisle-blocks-icon-list-item-icon-custom\"><\/i><p class=\"wp-block-themeisle-blocks-icon-list-item-content-custom\"><strong><strong>Erfahrenes Expertenteam<\/strong><\/strong><\/p><\/div>\n\n\n\n<div id=\"wp-block-themeisle-blocks-icon-list-item-bb77079b\" class=\"wp-block-themeisle-blocks-icon-list-item\"><i class=\"fas fa-angle-right wp-block-themeisle-blocks-icon-list-item-icon-custom\"><\/i><p class=\"wp-block-themeisle-blocks-icon-list-item-content-custom\"><strong><strong><strong>Internationaler Service<\/strong><\/strong><\/strong><\/p><\/div>\n\n\n\n<div id=\"wp-block-themeisle-blocks-icon-list-item-81ae72b6\" class=\"wp-block-themeisle-blocks-icon-list-item\"><i class=\"fas fa-angle-right wp-block-themeisle-blocks-icon-list-item-icon-custom\"><\/i><p class=\"wp-block-themeisle-blocks-icon-list-item-content\"><strong><strong><strong>Umfassende (End-to-End) L\u00f6sungen<\/strong><\/strong><\/strong><\/p><\/div>\n<\/div>\n<\/div>\n\n\n\n<div id=\"wp-block-themeisle-blocks-advanced-column-df784873\" class=\"wp-block-themeisle-blocks-advanced-column\">\n<figure class=\"wp-block-image size-large has-custom-border\"><img loading=\"lazy\" decoding=\"async\" width=\"1024\" height=\"694\" src=\"https:\/\/www.gaes.hu\/wp-content\/uploads\/2026\/01\/shutterstock_2192306243-1-1024x694.webp\" alt=\"Automobil-Homologation GAES Pr&#xFC;fung und Zertifizierung\" class=\"wp-image-79\" style=\"border-style:none;border-width:0px;border-radius:0px\" srcset=\"https:\/\/www.gaes.hu\/wp-content\/uploads\/2026\/01\/shutterstock_2192306243-1-1024x694.webp 1024w, https:\/\/www.gaes.hu\/wp-content\/uploads\/2026\/01\/shutterstock_2192306243-1-300x203.webp 300w, https:\/\/www.gaes.hu\/wp-content\/uploads\/2026\/01\/shutterstock_2192306243-1-768x520.webp 768w, https:\/\/www.gaes.hu\/wp-content\/uploads\/2026\/01\/shutterstock_2192306243-1-1536x1041.webp 1536w, https:\/\/www.gaes.hu\/wp-content\/uploads\/2026\/01\/shutterstock_2192306243-1-2048x1388.webp 2048w\" sizes=\"auto, (max-width: 1024px) 100vw, 1024px\" \/><\/figure>\n<\/div>\n<\/div><\/div>\n","protected":false},"excerpt":{"rendered":"","protected":false},"author":1,"featured_media":182,"parent":90,"menu_order":0,"comment_status":"closed","ping_status":"closed","template":"","meta":{"_eb_attr":"","_themeisle_gutenberg_block_has_review":false,"footnotes":""},"class_list":["post-158","page","type-page","status-publish","has-post-thumbnail","hentry"],"blocksy_meta":[],"_links":{"self":[{"href":"https:\/\/www.gaes.hu\/de\/wp-json\/wp\/v2\/pages\/158","targetHints":{"allow":["GET"]}}],"collection":[{"href":"https:\/\/www.gaes.hu\/de\/wp-json\/wp\/v2\/pages"}],"about":[{"href":"https:\/\/www.gaes.hu\/de\/wp-json\/wp\/v2\/types\/page"}],"author":[{"embeddable":true,"href":"https:\/\/www.gaes.hu\/de\/wp-json\/wp\/v2\/users\/1"}],"replies":[{"embeddable":true,"href":"https:\/\/www.gaes.hu\/de\/wp-json\/wp\/v2\/comments?post=158"}],"version-history":[{"count":1,"href":"https:\/\/www.gaes.hu\/de\/wp-json\/wp\/v2\/pages\/158\/revisions"}],"predecessor-version":[{"id":188,"href":"https:\/\/www.gaes.hu\/de\/wp-json\/wp\/v2\/pages\/158\/revisions\/188"}],"up":[{"embeddable":true,"href":"https:\/\/www.gaes.hu\/de\/wp-json\/wp\/v2\/pages\/90"}],"wp:featuredmedia":[{"embeddable":true,"href":"https:\/\/www.gaes.hu\/de\/wp-json\/wp\/v2\/media\/182"}],"wp:attachment":[{"href":"https:\/\/www.gaes.hu\/de\/wp-json\/wp\/v2\/media?parent=158"}],"curies":[{"name":"wp","href":"https:\/\/api.w.org\/{rel}","templated":true}]}}