{"id":201,"date":"2026-01-25T00:44:40","date_gmt":"2026-01-24T23:44:40","guid":{"rendered":"https:\/\/www.gaes.hu\/homologationsdienstleistungen\/"},"modified":"2026-02-15T21:59:35","modified_gmt":"2026-02-15T20:59:35","slug":"homologationsdienstleistungen","status":"publish","type":"page","link":"https:\/\/www.gaes.hu\/de\/homologationsdienstleistungen\/","title":{"rendered":"Homologationsdienstleistungen"},"content":{"rendered":"\n<div id=\"wp-block-themeisle-blocks-advanced-columns-a125788b\" class=\"wp-block-themeisle-blocks-advanced-columns alignfull has-1-columns has-desktop-equal-layout has-tablet-equal-layout has-mobile-equal-layout has-vertical-unset\"><div class=\"wp-block-themeisle-blocks-advanced-columns-overlay\"><\/div><div class=\"innerblocks-wrap\">\n<div id=\"wp-block-themeisle-blocks-advanced-column-a33fe06f\" class=\"wp-block-themeisle-blocks-advanced-column\">\n<h1 class=\"wp-block-heading has-white-color has-text-color\" style=\"font-size:clamp(37.821px, 2.364rem + ((1vw - 3.2px) * 2.514), 70px);\"><br\/><strong>Homologationsdienstleistungen<\/strong><\/h1>\n<\/div>\n<\/div><\/div>\n\n<section id=\"services\" class=\"wp-block-themeisle-blocks-advanced-columns alignfull has-1-columns has-desktop-equal-layout has-tablet-equal-layout has-mobile-equal-layout has-vertical-flex-start has-light-bg\"><div class=\"wp-block-themeisle-blocks-advanced-columns-overlay\"><\/div><div class=\"innerblocks-wrap\">\n<div id=\"wp-block-themeisle-blocks-advanced-column-9642dc3f\" class=\"wp-block-themeisle-blocks-advanced-column\">\n<section id=\"wp-block-themeisle-blocks-advanced-columns-62d68e08\" class=\"wp-block-themeisle-blocks-advanced-columns has-1-columns has-desktop-equal-layout has-tablet-equal-layout has-mobile-equal-layout has-vertical-flex-start\"><div class=\"wp-block-themeisle-blocks-advanced-columns-overlay\"><\/div><div class=\"innerblocks-wrap\">\n<div id=\"wp-block-themeisle-blocks-advanced-column-ba020b38\" class=\"wp-block-themeisle-blocks-advanced-column\">\n<h6 class=\"wp-block-heading has-text-color\" style=\"color:#ee3832\"><br\/>Transparente, zentrale Abwicklung<\/h6>\n\n\n\n<h2 class=\"wp-block-heading has-text-color has-link-color wp-elements-38702eacd5a1788214e26b5981052089\" style=\"color:#070731;font-size:clamp(28.836px, 1.802rem + ((1vw - 3.2px) * 1.653), 50px);line-height:1\"><strong>Planen Sie sicher mit unserer Erfahrung<\/strong><\/h2>\n\n\n\n<p>In der Automobilindustrie reicht f\u00fcr die Markteinf\u00fchrung von Produkten nicht allein die Konformit\u00e4tserkl\u00e4rung des Herstellers aus; die technische Eignung muss gem\u00e4\u00df internationalen Vorschriften dokumentiert nachgewiesen werden. Diesen Genehmigungsprozess nennen wir Homologation, der mit der Ausstellung von Typgenehmigungszertifikaten abgeschlossen wird.<\/p>\n\n\n\n<p>GAES agiert als akkreditierte Pr\u00fcf- und Inspektionsstelle sowie als benannter Technischer Dienst in Homologationsprozessen und bietet Pr\u00fcf-, Untersuchungs- und Zertifizierungsdienstleistungen auf Fahrzeug-, System- und Komponentenebene gem\u00e4\u00df den Vorschriften der UN ECE und der Europ\u00e4ischen Union (EU) an.<\/p>\n\n\n\n<p><strong>Warum GAES?<\/strong><\/p>\n\n\n\n<ul class=\"wp-block-list\">\n<li>Umfassende Autorisierung gem\u00e4\u00df UN ECE und EU\/EG Vorschriften<\/li>\n\n\n\n<li>\u00dcber 180 Jahre gesammelte technische Expertise<\/li>\n\n\n\n<li>Umfassende Laborzusammenarbeiten in Europa und Fernost<\/li>\n\n\n\n<li>Transparente, zentrale Abwicklung<\/li>\n\n\n\n<li>Leichte Erreichbarkeit und effiziente Kommunikation<\/li>\n<\/ul>\n\n\n\n<p>Um Ihren Homologationsprozess von Anfang an sicher zu planen, rechtliche Risiken zu minimieren und den Markteintritt zu beschleunigen, ist <strong>Gaes<\/strong> Ihr zuverl\u00e4ssiger Partner.<\/p>\n\n\n\n<p>F\u00fcr weitere Informationen oder zur Anforderung eines Angebots f\u00fcr Ihr Projekt kontaktieren Sie uns bitte \u00fcber unsere Kontaktseite.<\/p>\n<\/div>\n<\/div><\/section>\n\n\n\n<section id=\"wp-block-themeisle-blocks-advanced-columns-c568fbc0\" class=\"wp-block-themeisle-blocks-advanced-columns has-2-columns has-desktop-equal-layout has-tablet-equal-layout has-mobile-collapsedRows-layout has-vertical-flex-start has-light-bg\"><div class=\"wp-block-themeisle-blocks-advanced-columns-overlay\"><\/div><div class=\"innerblocks-wrap\">\n<div id=\"wp-block-themeisle-blocks-advanced-column-a0efaca1\" class=\"wp-block-themeisle-blocks-advanced-column has-light-bg\">\n<figure class=\"wp-block-image size-large has-custom-border\"><img loading=\"lazy\" decoding=\"async\" width=\"1024\" height=\"576\" src=\"https:\/\/www.gaes.hu\/wp-content\/uploads\/2026\/01\/HARA-Uygulamalari-ve-Fonksiyonel-Emniyet-Konseptinin-Olusturulmasi-1-1024x576.webp\" alt=\"\" class=\"wp-image-60\" style=\"border-style:none;border-width:0px;border-radius:0px\" srcset=\"https:\/\/www.gaes.hu\/wp-content\/uploads\/2026\/01\/HARA-Uygulamalari-ve-Fonksiyonel-Emniyet-Konseptinin-Olusturulmasi-1-1024x576.webp 1024w, https:\/\/www.gaes.hu\/wp-content\/uploads\/2026\/01\/HARA-Uygulamalari-ve-Fonksiyonel-Emniyet-Konseptinin-Olusturulmasi-1-300x169.webp 300w, https:\/\/www.gaes.hu\/wp-content\/uploads\/2026\/01\/HARA-Uygulamalari-ve-Fonksiyonel-Emniyet-Konseptinin-Olusturulmasi-1-768x432.webp 768w, https:\/\/www.gaes.hu\/wp-content\/uploads\/2026\/01\/HARA-Uygulamalari-ve-Fonksiyonel-Emniyet-Konseptinin-Olusturulmasi-1-1536x864.webp 1536w, https:\/\/www.gaes.hu\/wp-content\/uploads\/2026\/01\/HARA-Uygulamalari-ve-Fonksiyonel-Emniyet-Konseptinin-Olusturulmasi-1.webp 1920w\" sizes=\"auto, (max-width: 1024px) 100vw, 1024px\" \/><\/figure>\n\n\n\n<div id=\"wp-block-themeisle-blocks-advanced-columns-9ba29e73\" class=\"wp-block-themeisle-blocks-advanced-columns has-1-columns has-desktop-equal-layout has-tablet-equal-layout has-mobile-equal-layout has-vertical-unset has-default-gap\"><div class=\"wp-block-themeisle-blocks-advanced-columns-overlay\"><\/div><div class=\"innerblocks-wrap\">\n<div id=\"wp-block-themeisle-blocks-advanced-column-ff89ae48\" class=\"wp-block-themeisle-blocks-advanced-column\">\n<div id=\"wp-block-themeisle-blocks-font-awesome-icons-19acf18b\" class=\"wp-block-themeisle-blocks-font-awesome-icons\"><span class=\"wp-block-themeisle-blocks-font-awesome-icons-container\"><i class=\"fas fa-car\"\/><\/span><\/div>\n\n\n\n<h4 class=\"wp-block-heading has-text-color has-link-color wp-elements-3c0f243c73a2ae173979adfbb7dda4c2\" style=\"color:#070731;margin-top:0px\"><strong>Fahrzeug-Typgenehmigung<\/strong><\/h4>\n\n\n\n<p class=\"has-text-color has-link-color wp-elements-f37e62c38e7632619d46820a71597a78\" style=\"color:#070731\">Planen Sie die Verwaltung von auf Fahrzeugkategorien zugeschnittenen Projekten und die Fahrzeug-Typgenehmigungsprozesse in Zusammenarbeit mit unseren Experten. Entdecken Sie unsere nationalen und europ\u00e4ischen Typgenehmigungsl\u00f6sungen.<\/p>\n\n\n\n<div style=\"height:20px\" aria-hidden=\"true\" class=\"wp-block-spacer\"><\/div>\n<\/div>\n<\/div><\/div>\n<\/div>\n\n\n\n<div id=\"wp-block-themeisle-blocks-advanced-column-40db6121\" class=\"wp-block-themeisle-blocks-advanced-column has-light-bg\">\n<figure class=\"wp-block-image size-large has-custom-border\"><img loading=\"lazy\" decoding=\"async\" width=\"1024\" height=\"576\" src=\"https:\/\/www.gaes.hu\/wp-content\/uploads\/2026\/01\/Dolayli-Gorus-Cihazlari-Aynalar-Komponent-Tip-Onayi-ECE-R46-Test-1-1024x576.webp\" alt=\"\" class=\"wp-image-70\" style=\"border-style:none;border-width:0px;border-radius:0px\" srcset=\"https:\/\/www.gaes.hu\/wp-content\/uploads\/2026\/01\/Dolayli-Gorus-Cihazlari-Aynalar-Komponent-Tip-Onayi-ECE-R46-Test-1-1024x576.webp 1024w, https:\/\/www.gaes.hu\/wp-content\/uploads\/2026\/01\/Dolayli-Gorus-Cihazlari-Aynalar-Komponent-Tip-Onayi-ECE-R46-Test-1-300x169.webp 300w, https:\/\/www.gaes.hu\/wp-content\/uploads\/2026\/01\/Dolayli-Gorus-Cihazlari-Aynalar-Komponent-Tip-Onayi-ECE-R46-Test-1-768x432.webp 768w, https:\/\/www.gaes.hu\/wp-content\/uploads\/2026\/01\/Dolayli-Gorus-Cihazlari-Aynalar-Komponent-Tip-Onayi-ECE-R46-Test-1-1536x864.webp 1536w, https:\/\/www.gaes.hu\/wp-content\/uploads\/2026\/01\/Dolayli-Gorus-Cihazlari-Aynalar-Komponent-Tip-Onayi-ECE-R46-Test-1.webp 1920w\" sizes=\"auto, (max-width: 1024px) 100vw, 1024px\" \/><\/figure>\n\n\n\n<div id=\"wp-block-themeisle-blocks-advanced-columns-23f47e1b\" class=\"wp-block-themeisle-blocks-advanced-columns has-1-columns has-desktop-equal-layout has-tablet-equal-layout has-mobile-equal-layout has-vertical-unset has-default-gap\"><div class=\"wp-block-themeisle-blocks-advanced-columns-overlay\"><\/div><div class=\"innerblocks-wrap\">\n<div id=\"wp-block-themeisle-blocks-advanced-column-c84a296a\" class=\"wp-block-themeisle-blocks-advanced-column\">\n<div id=\"wp-block-themeisle-blocks-font-awesome-icons-1d243bc0\" class=\"wp-block-themeisle-blocks-font-awesome-icons\"><span class=\"wp-block-themeisle-blocks-font-awesome-icons-container\"><i class=\"fas fa-cogs\"\/><\/span><\/div>\n\n\n\n<h4 class=\"wp-block-heading has-text-color has-link-color wp-elements-32f4b3e57a14fafebe23140ca8f09f98\" style=\"color:#070731;margin-top:0px\"><strong>Bauteiltypgenehmigung<\/strong><\/h4>\n\n\n\n<p class=\"has-text-color has-link-color wp-elements-67235048a7004581afe2a4d093b61b95\" style=\"color:#070731\">Entdecken Sie unsere ma\u00dfgeschneiderten L\u00f6sungen f\u00fcr Automobilzulieferer.<\/p>\n\n\n\n<div style=\"height:20px\" aria-hidden=\"true\" class=\"wp-block-spacer\"><\/div>\n<\/div>\n<\/div><\/div>\n<\/div>\n<\/div><\/section>\n\n\n\n<div style=\"height:20px\" aria-hidden=\"true\" class=\"wp-block-spacer\"><\/div>\n\n\n\n<section id=\"wp-block-themeisle-blocks-advanced-columns-875ace6e\" class=\"wp-block-themeisle-blocks-advanced-columns has-3-columns has-desktop-equal-layout has-tablet-equal-layout has-mobile-collapsedRows-layout has-vertical-flex-start\"><div class=\"wp-block-themeisle-blocks-advanced-columns-overlay\"><\/div><div class=\"innerblocks-wrap\">\n<div id=\"wp-block-themeisle-blocks-advanced-column-23aa970e\" class=\"wp-block-themeisle-blocks-advanced-column has-light-bg\">\n<figure class=\"wp-block-image size-large has-custom-border\"><img loading=\"lazy\" decoding=\"async\" width=\"1024\" height=\"576\" src=\"https:\/\/www.gaes.hu\/wp-content\/uploads\/2026\/01\/Emniyet-Kemerleri-ECE-R16-Test-ve-Tip-Onayi-1-1024x576.webp\" alt=\"\" class=\"wp-image-73\" style=\"border-style:none;border-width:0px;border-radius:0px\" srcset=\"https:\/\/www.gaes.hu\/wp-content\/uploads\/2026\/01\/Emniyet-Kemerleri-ECE-R16-Test-ve-Tip-Onayi-1-1024x576.webp 1024w, https:\/\/www.gaes.hu\/wp-content\/uploads\/2026\/01\/Emniyet-Kemerleri-ECE-R16-Test-ve-Tip-Onayi-1-300x169.webp 300w, https:\/\/www.gaes.hu\/wp-content\/uploads\/2026\/01\/Emniyet-Kemerleri-ECE-R16-Test-ve-Tip-Onayi-1-768x432.webp 768w, https:\/\/www.gaes.hu\/wp-content\/uploads\/2026\/01\/Emniyet-Kemerleri-ECE-R16-Test-ve-Tip-Onayi-1-1536x864.webp 1536w, https:\/\/www.gaes.hu\/wp-content\/uploads\/2026\/01\/Emniyet-Kemerleri-ECE-R16-Test-ve-Tip-Onayi-1.webp 1920w\" sizes=\"auto, (max-width: 1024px) 100vw, 1024px\" \/><\/figure>\n\n\n\n<div id=\"wp-block-themeisle-blocks-advanced-columns-b6f16303\" class=\"wp-block-themeisle-blocks-advanced-columns has-1-columns has-desktop-equal-layout has-tablet-equal-layout has-mobile-equal-layout has-vertical-unset has-default-gap\"><div class=\"wp-block-themeisle-blocks-advanced-columns-overlay\"><\/div><div class=\"innerblocks-wrap\">\n<div id=\"wp-block-themeisle-blocks-advanced-column-d16cfe5d\" class=\"wp-block-themeisle-blocks-advanced-column\">\n<div id=\"wp-block-themeisle-blocks-font-awesome-icons-89581262\" class=\"wp-block-themeisle-blocks-font-awesome-icons\"><span class=\"wp-block-themeisle-blocks-font-awesome-icons-container\"><i class=\"fas fa-glasses\"\/><\/span><\/div>\n\n\n\n<h4 class=\"wp-block-heading has-text-color has-link-color wp-elements-6d9d0cf9cffadbf75e17ec98107a9ca3\" style=\"color:#070731;margin-top:0px\"><strong>IA &amp; COP (Konformit\u00e4t der Produktion)<\/strong><\/h4>\n\n\n\n<p class=\"has-text-color has-link-color wp-elements-92b0166b80115a8097e4bb6e9acd81db\" style=\"color:#070731\">Wir bieten dauerhafte und nachhaltige L\u00f6sungen f\u00fcr Ihre Erstbewertungs- (IA) und COP- (Konformit\u00e4t der Produktion) Prozesse.<\/p>\n\n\n\n<div style=\"height:20px\" aria-hidden=\"true\" class=\"wp-block-spacer\"><\/div>\n<\/div>\n<\/div><\/div>\n<\/div>\n\n\n\n<div id=\"wp-block-themeisle-blocks-advanced-column-44794dea\" class=\"wp-block-themeisle-blocks-advanced-column has-light-bg\">\n<figure class=\"wp-block-image size-large has-custom-border\"><img loading=\"lazy\" decoding=\"async\" width=\"1024\" height=\"576\" src=\"https:\/\/www.gaes.hu\/wp-content\/uploads\/2026\/01\/Yazilim-Guncelleme-ECE-R156-1-1024x576.webp\" alt=\"\" class=\"wp-image-84\" style=\"border-style:none;border-width:0px;border-radius:0px\" srcset=\"https:\/\/www.gaes.hu\/wp-content\/uploads\/2026\/01\/Yazilim-Guncelleme-ECE-R156-1-1024x576.webp 1024w, https:\/\/www.gaes.hu\/wp-content\/uploads\/2026\/01\/Yazilim-Guncelleme-ECE-R156-1-300x169.webp 300w, https:\/\/www.gaes.hu\/wp-content\/uploads\/2026\/01\/Yazilim-Guncelleme-ECE-R156-1-768x432.webp 768w, https:\/\/www.gaes.hu\/wp-content\/uploads\/2026\/01\/Yazilim-Guncelleme-ECE-R156-1-1536x864.webp 1536w, https:\/\/www.gaes.hu\/wp-content\/uploads\/2026\/01\/Yazilim-Guncelleme-ECE-R156-1.webp 1920w\" sizes=\"auto, (max-width: 1024px) 100vw, 1024px\" \/><\/figure>\n\n\n\n<div id=\"wp-block-themeisle-blocks-advanced-columns-116c2739\" class=\"wp-block-themeisle-blocks-advanced-columns has-1-columns has-desktop-equal-layout has-tablet-equal-layout has-mobile-equal-layout has-vertical-unset has-default-gap\"><div class=\"wp-block-themeisle-blocks-advanced-columns-overlay\"><\/div><div class=\"innerblocks-wrap\">\n<div id=\"wp-block-themeisle-blocks-advanced-column-5fdfc19c\" class=\"wp-block-themeisle-blocks-advanced-column\">\n<div id=\"wp-block-themeisle-blocks-font-awesome-icons-5f16ecd8\" class=\"wp-block-themeisle-blocks-font-awesome-icons\"><span class=\"wp-block-themeisle-blocks-font-awesome-icons-container\"><i class=\"fas fa-hard-hat\"\/><\/span><\/div>\n\n\n\n<h4 class=\"wp-block-heading has-text-color has-link-color wp-elements-4408610387d41fc4087e481b44966019\" style=\"color:#070731;margin-top:0px\"><strong>SORT und Fahrzeugtests<\/strong><\/h4>\n\n\n\n<p class=\"has-text-color has-link-color wp-elements-98b042cb58c2670fd79c1f88b1cd5bc9\" style=\"color:#070731\">Sichern Sie Ihre Prozesse bei Pr\u00fcfungen zur Kraftstoffeffizienz und sonstigen Fahrzeugleistungen mit der Expertise von Gaes.<\/p>\n\n\n\n<div style=\"height:20px\" aria-hidden=\"true\" class=\"wp-block-spacer\"><\/div>\n<\/div>\n<\/div><\/div>\n<\/div>\n\n\n\n<div id=\"wp-block-themeisle-blocks-advanced-column-2eb950ce\" class=\"wp-block-themeisle-blocks-advanced-column has-light-bg\">\n<figure class=\"wp-block-image size-full is-resized has-custom-border\"><img loading=\"lazy\" decoding=\"async\" width=\"1920\" height=\"1080\" src=\"https:\/\/www.gaes.hu\/wp-content\/uploads\/2026\/01\/1-Batarya-Laboratuvar-Test-Tip-Onay-Teknik-Servis-1.webp\" alt=\"\" class=\"wp-image-62\" style=\"border-style:none;border-width:0px;border-radius:0px;width:546px;height:auto\" srcset=\"https:\/\/www.gaes.hu\/wp-content\/uploads\/2026\/01\/1-Batarya-Laboratuvar-Test-Tip-Onay-Teknik-Servis-1.webp 1920w, https:\/\/www.gaes.hu\/wp-content\/uploads\/2026\/01\/1-Batarya-Laboratuvar-Test-Tip-Onay-Teknik-Servis-1-300x169.webp 300w, https:\/\/www.gaes.hu\/wp-content\/uploads\/2026\/01\/1-Batarya-Laboratuvar-Test-Tip-Onay-Teknik-Servis-1-1024x576.webp 1024w, https:\/\/www.gaes.hu\/wp-content\/uploads\/2026\/01\/1-Batarya-Laboratuvar-Test-Tip-Onay-Teknik-Servis-1-768x432.webp 768w, https:\/\/www.gaes.hu\/wp-content\/uploads\/2026\/01\/1-Batarya-Laboratuvar-Test-Tip-Onay-Teknik-Servis-1-1536x864.webp 1536w\" sizes=\"auto, (max-width: 1920px) 100vw, 1920px\" \/><\/figure>\n\n\n\n<div id=\"wp-block-themeisle-blocks-advanced-columns-55f787b0\" class=\"wp-block-themeisle-blocks-advanced-columns has-1-columns has-desktop-equal-layout has-tablet-equal-layout has-mobile-equal-layout has-vertical-unset has-default-gap\"><div class=\"wp-block-themeisle-blocks-advanced-columns-overlay\"><\/div><div class=\"innerblocks-wrap\">\n<div id=\"wp-block-themeisle-blocks-advanced-column-0ec45c2e\" class=\"wp-block-themeisle-blocks-advanced-column\">\n<div id=\"wp-block-themeisle-blocks-font-awesome-icons-dc028a51\" class=\"wp-block-themeisle-blocks-font-awesome-icons\"><span class=\"wp-block-themeisle-blocks-font-awesome-icons-container\"><i class=\"fas fa-arrow-alt-circle-up\"\/><\/span><\/div>\n\n\n\n<h4 class=\"wp-block-heading has-text-color has-link-color wp-elements-15e5d556c4231a05efc887ecc0d1e7cb\" style=\"color:#070731;margin-top:0px\"><strong>Labordienstleistungen<\/strong><\/h4>\n\n\n\n<p class=\"has-text-color has-link-color wp-elements-7c145939e2eb3ea0d508c37699e09c58\" style=\"color:#070731\">Sichern Sie Ihre Produktionsprozesse mit unseren Labordienstleistungen.<\/p>\n\n\n\n<div style=\"height:20px\" aria-hidden=\"true\" class=\"wp-block-spacer\"><\/div>\n<\/div>\n<\/div><\/div>\n<\/div>\n<\/div><\/section>\n\n\n\n<section id=\"wp-block-themeisle-blocks-advanced-columns-60a53768\" class=\"wp-block-themeisle-blocks-advanced-columns has-2-columns has-desktop-equal-layout has-tablet-equal-layout has-mobile-collapsedRows-layout has-vertical-flex-start\"><div class=\"wp-block-themeisle-blocks-advanced-columns-overlay\"><\/div><div class=\"innerblocks-wrap\">\n<div id=\"wp-block-themeisle-blocks-advanced-column-ed02fc34\" class=\"wp-block-themeisle-blocks-advanced-column has-light-bg\">\n<figure class=\"wp-block-image size-large has-custom-border\"><img loading=\"lazy\" decoding=\"async\" width=\"1024\" height=\"576\" src=\"https:\/\/www.gaes.hu\/wp-content\/uploads\/2026\/01\/Test-ve-Dogrulama-Stratejisinin-Belirlenmesi-ve-Uygulanmasi-1-1024x576.webp\" alt=\"\" class=\"wp-image-61\" style=\"border-style:none;border-width:0px;border-radius:0px\" srcset=\"https:\/\/www.gaes.hu\/wp-content\/uploads\/2026\/01\/Test-ve-Dogrulama-Stratejisinin-Belirlenmesi-ve-Uygulanmasi-1-1024x576.webp 1024w, https:\/\/www.gaes.hu\/wp-content\/uploads\/2026\/01\/Test-ve-Dogrulama-Stratejisinin-Belirlenmesi-ve-Uygulanmasi-1-300x169.webp 300w, https:\/\/www.gaes.hu\/wp-content\/uploads\/2026\/01\/Test-ve-Dogrulama-Stratejisinin-Belirlenmesi-ve-Uygulanmasi-1-768x432.webp 768w, https:\/\/www.gaes.hu\/wp-content\/uploads\/2026\/01\/Test-ve-Dogrulama-Stratejisinin-Belirlenmesi-ve-Uygulanmasi-1-1536x864.webp 1536w, https:\/\/www.gaes.hu\/wp-content\/uploads\/2026\/01\/Test-ve-Dogrulama-Stratejisinin-Belirlenmesi-ve-Uygulanmasi-1.webp 1920w\" sizes=\"auto, (max-width: 1024px) 100vw, 1024px\" \/><\/figure>\n\n\n\n<div id=\"wp-block-themeisle-blocks-advanced-columns-6806bc3e\" class=\"wp-block-themeisle-blocks-advanced-columns has-1-columns has-desktop-equal-layout has-tablet-equal-layout has-mobile-equal-layout has-vertical-unset has-default-gap\"><div class=\"wp-block-themeisle-blocks-advanced-columns-overlay\"><\/div><div class=\"innerblocks-wrap\">\n<div id=\"wp-block-themeisle-blocks-advanced-column-57ab0c3b\" class=\"wp-block-themeisle-blocks-advanced-column\">\n<div id=\"wp-block-themeisle-blocks-font-awesome-icons-ce53b8d6\" class=\"wp-block-themeisle-blocks-font-awesome-icons\"><span class=\"wp-block-themeisle-blocks-font-awesome-icons-container\"><i class=\"fas fa-folder\"\/><\/span><\/div>\n\n\n\n<h4 class=\"wp-block-heading has-text-color has-link-color wp-elements-3bcf3466bb22f872722c86813f238618\" style=\"color:#070731;margin-top:0px\"><strong>System zur Einhaltung gesetzlicher Vorschriften<\/strong><\/h4>\n\n\n\n<p class=\"has-text-color has-link-color wp-elements-bc59d64e98bd2a74dca7eec218924f33\" style=\"color:#070731\">Mit unserem System zur Einhaltung gesetzlicher Vorschriften k\u00f6nnen Sie Gesetzes\u00e4nderungen kontinuierlich verfolgen.<\/p>\n\n\n\n<div style=\"height:20px\" aria-hidden=\"true\" class=\"wp-block-spacer\"><\/div>\n<\/div>\n<\/div><\/div>\n<\/div>\n\n\n\n<div id=\"wp-block-themeisle-blocks-advanced-column-f19e1a39\" class=\"wp-block-themeisle-blocks-advanced-column has-light-bg\">\n<figure class=\"wp-block-image size-large is-resized has-custom-border\"><img loading=\"lazy\" decoding=\"async\" width=\"1024\" height=\"576\" src=\"https:\/\/www.gaes.hu\/wp-content\/uploads\/2026\/01\/Siber-Guvenlik-Testleri-Laboratuvar-CSMS-R155-21434-1-1024x576.webp\" alt=\"\" class=\"wp-image-81\" style=\"border-style:none;border-width:0px;border-radius:0px;width:546px;height:auto\" srcset=\"https:\/\/www.gaes.hu\/wp-content\/uploads\/2026\/01\/Siber-Guvenlik-Testleri-Laboratuvar-CSMS-R155-21434-1-1024x576.webp 1024w, https:\/\/www.gaes.hu\/wp-content\/uploads\/2026\/01\/Siber-Guvenlik-Testleri-Laboratuvar-CSMS-R155-21434-1-300x169.webp 300w, https:\/\/www.gaes.hu\/wp-content\/uploads\/2026\/01\/Siber-Guvenlik-Testleri-Laboratuvar-CSMS-R155-21434-1-768x432.webp 768w, https:\/\/www.gaes.hu\/wp-content\/uploads\/2026\/01\/Siber-Guvenlik-Testleri-Laboratuvar-CSMS-R155-21434-1-1536x864.webp 1536w, https:\/\/www.gaes.hu\/wp-content\/uploads\/2026\/01\/Siber-Guvenlik-Testleri-Laboratuvar-CSMS-R155-21434-1.webp 1920w\" sizes=\"auto, (max-width: 1024px) 100vw, 1024px\" \/><\/figure>\n\n\n\n<div id=\"wp-block-themeisle-blocks-advanced-columns-f8b01e3e\" class=\"wp-block-themeisle-blocks-advanced-columns has-1-columns has-desktop-equal-layout has-tablet-equal-layout has-mobile-equal-layout has-vertical-unset has-default-gap\"><div class=\"wp-block-themeisle-blocks-advanced-columns-overlay\"><\/div><div class=\"innerblocks-wrap\">\n<div id=\"wp-block-themeisle-blocks-advanced-column-d71b9c94\" class=\"wp-block-themeisle-blocks-advanced-column\">\n<div id=\"wp-block-themeisle-blocks-font-awesome-icons-afa6a9ed\" class=\"wp-block-themeisle-blocks-font-awesome-icons\"><span class=\"wp-block-themeisle-blocks-font-awesome-icons-container\"><i class=\"fas fa-plane-departure\"\/><\/span><\/div>\n\n\n\n<h4 class=\"wp-block-heading has-text-color has-link-color wp-elements-489295cadbc95e029367f1c5d0f769ad\" style=\"color:#070731;margin-top:0px\"><strong>Marktforschung<\/strong><\/h4>\n\n\n\n<p class=\"has-text-color has-link-color wp-elements-32306568e8b9c96fdf4979ad43bc47e2\" style=\"color:#070731\">Kontaktieren Sie unser Expertenteam, um L\u00f6sungen f\u00fcr M\u00e4rkte au\u00dferhalb der Europ\u00e4ischen Union anzubieten, beispielsweise angepasst an die Vorschriften von FMVSS, CMVSS und GSO.<\/p>\n\n\n\n<div style=\"height:20px\" aria-hidden=\"true\" class=\"wp-block-spacer\"><\/div>\n<\/div>\n<\/div><\/div>\n<\/div>\n<\/div><\/section>\n<\/div>\n<\/div><\/section>\n","protected":false},"excerpt":{"rendered":"","protected":false},"author":1,"featured_media":183,"parent":0,"menu_order":0,"comment_status":"closed","ping_status":"closed","template":"","meta":{"_eb_attr":"","_themeisle_gutenberg_block_has_review":false,"footnotes":""},"class_list":["post-201","page","type-page","status-publish","has-post-thumbnail","hentry"],"blocksy_meta":[],"_links":{"self":[{"href":"https:\/\/www.gaes.hu\/de\/wp-json\/wp\/v2\/pages\/201","targetHints":{"allow":["GET"]}}],"collection":[{"href":"https:\/\/www.gaes.hu\/de\/wp-json\/wp\/v2\/pages"}],"about":[{"href":"https:\/\/www.gaes.hu\/de\/wp-json\/wp\/v2\/types\/page"}],"author":[{"embeddable":true,"href":"https:\/\/www.gaes.hu\/de\/wp-json\/wp\/v2\/users\/1"}],"replies":[{"embeddable":true,"href":"https:\/\/www.gaes.hu\/de\/wp-json\/wp\/v2\/comments?post=201"}],"version-history":[{"count":3,"href":"https:\/\/www.gaes.hu\/de\/wp-json\/wp\/v2\/pages\/201\/revisions"}],"predecessor-version":[{"id":360,"href":"https:\/\/www.gaes.hu\/de\/wp-json\/wp\/v2\/pages\/201\/revisions\/360"}],"wp:featuredmedia":[{"embeddable":true,"href":"https:\/\/www.gaes.hu\/de\/wp-json\/wp\/v2\/media\/183"}],"wp:attachment":[{"href":"https:\/\/www.gaes.hu\/de\/wp-json\/wp\/v2\/media?parent=201"}],"curies":[{"name":"wp","href":"https:\/\/api.w.org\/{rel}","templated":true}]}}