{"id":207,"date":"2026-01-25T00:57:15","date_gmt":"2026-01-24T23:57:15","guid":{"rendered":"https:\/\/www.gaes.hu\/karriere\/"},"modified":"2026-01-25T01:00:02","modified_gmt":"2026-01-25T00:00:02","slug":"karriere","status":"publish","type":"page","link":"https:\/\/www.gaes.hu\/de\/karriere\/","title":{"rendered":"Karriere"},"content":{"rendered":"\n<section id=\"wp-block-themeisle-blocks-advanced-columns-9f8848a6\" class=\"wp-block-themeisle-blocks-advanced-columns alignfull has-2-columns has-desktop-equal-layout has-tablet-collapsedRows-layout has-mobile-collapsedRows-layout has-reverse-columns-tablet has-reverse-columns-mobile has-vertical-center has-dark-bg\"><div class=\"wp-block-themeisle-blocks-advanced-columns-overlay\"><\/div><div class=\"innerblocks-wrap\">\n<div id=\"wp-block-themeisle-blocks-advanced-column-cedf80ca\" class=\"wp-block-themeisle-blocks-advanced-column\">\n<h1 id=\"wp-block-themeisle-blocks-advanced-heading-ddc7a054\" class=\"wp-block-themeisle-blocks-advanced-heading wp-block-themeisle-blocks-advanced-heading-ddc7a054\"><strong>Werden Sie Teil des Erfahrungsaustauschs!<\/strong><\/h1>\n\n\n\n<div style=\"height:40px\" aria-hidden=\"true\" class=\"wp-block-spacer\"><\/div>\n\n\n\n<p><br\/>Werden Sie Teil des Expertenteams von GAES und beteiligen Sie sich am Wissens- und Erfahrungsaustausch. Sehen Sie sich unsere aktuellen Stellenangebote an und bewerben Sie sich auf die f\u00fcr Sie passenden Positionen. Dar\u00fcber hinaus k\u00f6nnen Sie uns auch mit einer Initiativbewerbung kontaktieren.<\/p>\n\n\n\n<div id=\"wp-block-themeisle-blocks-button-group-c6556822\" class=\"wp-block-themeisle-blocks-button-group wp-block-buttons\">\n<div id=\"wp-block-themeisle-blocks-button-06b24a9f\" class=\"wp-block-themeisle-blocks-button wp-block-button\"><a href=\"https:\/\/www.gaes.hu\/de\/unternehmen\/ueber-uns\/\" target=\"_self\" rel=\"noopener noreferrer\" class=\"wp-block-button__link\"><span><strong>ERFAHREN SIE MEHR \u00dcBER UNS<\/strong><\/span><\/a><\/div>\n<\/div>\n<\/div>\n\n\n\n<div id=\"wp-block-themeisle-blocks-advanced-column-48eed1bc\" class=\"wp-block-themeisle-blocks-advanced-column\"\/>\n<\/div><\/section>\n","protected":false},"excerpt":{"rendered":"","protected":false},"author":1,"featured_media":0,"parent":0,"menu_order":0,"comment_status":"closed","ping_status":"closed","template":"","meta":{"_eb_attr":"","_themeisle_gutenberg_block_has_review":false,"footnotes":""},"class_list":["post-207","page","type-page","status-publish","hentry"],"blocksy_meta":[],"_links":{"self":[{"href":"https:\/\/www.gaes.hu\/de\/wp-json\/wp\/v2\/pages\/207","targetHints":{"allow":["GET"]}}],"collection":[{"href":"https:\/\/www.gaes.hu\/de\/wp-json\/wp\/v2\/pages"}],"about":[{"href":"https:\/\/www.gaes.hu\/de\/wp-json\/wp\/v2\/types\/page"}],"author":[{"embeddable":true,"href":"https:\/\/www.gaes.hu\/de\/wp-json\/wp\/v2\/users\/1"}],"replies":[{"embeddable":true,"href":"https:\/\/www.gaes.hu\/de\/wp-json\/wp\/v2\/comments?post=207"}],"version-history":[{"count":2,"href":"https:\/\/www.gaes.hu\/de\/wp-json\/wp\/v2\/pages\/207\/revisions"}],"predecessor-version":[{"id":215,"href":"https:\/\/www.gaes.hu\/de\/wp-json\/wp\/v2\/pages\/207\/revisions\/215"}],"wp:attachment":[{"href":"https:\/\/www.gaes.hu\/de\/wp-json\/wp\/v2\/media?parent=207"}],"curies":[{"name":"wp","href":"https:\/\/api.w.org\/{rel}","templated":true}]}}