{"id":227,"date":"2026-01-25T12:29:29","date_gmt":"2026-01-25T11:29:29","guid":{"rendered":"https:\/\/www.gaes.hu\/startseite\/"},"modified":"2026-01-26T00:08:38","modified_gmt":"2026-01-25T23:08:38","slug":"startseite","status":"publish","type":"page","link":"https:\/\/www.gaes.hu\/de\/","title":{"rendered":"Startseite"},"content":{"rendered":"\n<div id=\"wp-block-themeisle-blocks-advanced-columns-9e4d40c1\" class=\"wp-block-themeisle-blocks-advanced-columns alignfull has-1-columns has-desktop-equal-layout has-tablet-equal-layout has-mobile-equal-layout has-vertical-unset\"><div class=\"wp-block-themeisle-blocks-advanced-columns-overlay\"><\/div><div class=\"innerblocks-wrap\">\n<div id=\"wp-block-themeisle-blocks-advanced-column-0cc5e16a\" class=\"wp-block-themeisle-blocks-advanced-column\">\n<h1 class=\"wp-block-heading has-text-color\" style=\"color:#ffffff;font-size:clamp(37.821px, 2.364rem + ((1vw - 3.2px) * 2.514), 70px);line-height:1\"><br\/><strong>Die Experten von GAES zu Ihren Diensten<\/strong><\/h1>\n\n\n\n<div style=\"height:30px\" aria-hidden=\"true\" class=\"wp-block-spacer\"><\/div>\n\n\n\n<p class=\"has-text-color\" style=\"color:#ffffff;font-size:clamp(14px, 0.875rem + ((1vw - 3.2px) * 0.391), 19px);px\">Im Rahmen unserer Homologations-, Fahrzeugsicherheits- und -schutzdienstleistungen sowie verschiedener Labordienstleistungen bewerten wir Ihre Projekte gemeinsam mit unseren Experten.<\/p>\n\n\n\n<div style=\"height:40px\" aria-hidden=\"true\" class=\"wp-block-spacer\"><\/div>\n\n\n\n<div class=\"wp-block-buttons is-layout-flex wp-block-buttons-is-layout-flex\">\n<div class=\"wp-block-button is-style-primary\"><a class=\"wp-block-button__link has-text-color has-background has-link-color wp-element-button\" href=\"https:\/\/www.gaes.hu\/de\/unsere-dienstleistungen\/\" style=\"border-style:none;border-width:0px;border-radius:0px;color:#ffffff;background-color:#ee3832\"><br\/><strong>Unsere Dienstleistungen<\/strong><\/a><\/div>\n<\/div>\n<\/div>\n<\/div><\/div>\n\n<div id=\"wp-block-themeisle-blocks-advanced-columns-81f9f30f\" class=\"wp-block-themeisle-blocks-advanced-columns alignfull has-2-columns has-desktop-equal-layout has-tablet-equal-layout has-mobile-collapsedRows-layout has-vertical-center has-light-bg\"><div class=\"wp-block-themeisle-blocks-advanced-columns-overlay\"><\/div><div class=\"innerblocks-wrap\">\n<div id=\"wp-block-themeisle-blocks-advanced-column-d10a7c4b\" class=\"wp-block-themeisle-blocks-advanced-column has-light-bg\">\n<figure class=\"wp-block-image size-large is-resized\"><img loading=\"lazy\" decoding=\"async\" width=\"1024\" height=\"576\" src=\"https:\/\/www.gaes.hu\/wp-content\/uploads\/2026\/01\/shutterstock_2629872975-1-1024x576.webp\" alt=\"\" class=\"wp-image-80\" style=\"width:490px;height:auto\" srcset=\"https:\/\/www.gaes.hu\/wp-content\/uploads\/2026\/01\/shutterstock_2629872975-1-1024x576.webp 1024w, https:\/\/www.gaes.hu\/wp-content\/uploads\/2026\/01\/shutterstock_2629872975-1-300x169.webp 300w, https:\/\/www.gaes.hu\/wp-content\/uploads\/2026\/01\/shutterstock_2629872975-1-768x432.webp 768w, https:\/\/www.gaes.hu\/wp-content\/uploads\/2026\/01\/shutterstock_2629872975-1-1536x864.webp 1536w, https:\/\/www.gaes.hu\/wp-content\/uploads\/2026\/01\/shutterstock_2629872975-1-2048x1152.webp 2048w\" sizes=\"auto, (max-width: 1024px) 100vw, 1024px\" \/><\/figure>\n<\/div>\n\n\n\n<div id=\"wp-block-themeisle-blocks-advanced-column-f085e4fa\" class=\"wp-block-themeisle-blocks-advanced-column\">\n<h6 class=\"wp-block-heading has-text-color\" style=\"color:#ee3832\"><strong><strong>PR\u00dcFUNG UND ZERTIFIZIERUNG<\/strong><\/strong><\/h6>\n\n\n\n<h2 class=\"wp-block-heading has-text-color\" style=\"color:#070731;font-size:clamp(28.836px, 1.802rem + ((1vw - 3.2px) * 1.653), 50px);\"><strong><strong><strong>Lernen Sie uns kennen<\/strong><\/strong><\/strong><\/h2>\n\n\n\n<p class=\"has-text-color has-link-color wp-elements-61e2859d3534645eebae515e71c3696e\" style=\"color:#070731\">GAES wurde von einem Expertenteam mit umfassender Erfahrung in den Bereichen Automobilproduktentwicklung, -pr\u00fcfung und -zertifizierung gegr\u00fcndet. Das Hauptt\u00e4tigkeitsfeld unseres Unternehmens ist die Erbringung von Pr\u00fcf- und Zertifizierungsdienstleistungen f\u00fcr Fahrzeuge, Systeme und Komponenten.<\/p>\n\n\n\n<div style=\"height:20px\" aria-hidden=\"true\" class=\"wp-block-spacer\"><\/div>\n\n\n\n<div class=\"wp-block-buttons is-layout-flex wp-block-buttons-is-layout-flex\">\n<div class=\"wp-block-button is-style-secondary\"><a class=\"wp-block-button__link has-text-color has-background has-link-color wp-element-button\" href=\"https:\/\/www.gaes.hu\/de\/unternehmen\/ueber-uns\/\" style=\"color:#070731;background-color:#fdb72b\"><br\/><strong>Weiterlesen<\/strong><\/a><\/div>\n<\/div>\n<\/div>\n<\/div><\/div>\n\n<section id=\"wp-block-themeisle-blocks-advanced-columns-dab9e0bf\" class=\"wp-block-themeisle-blocks-advanced-columns alignfull has-1-columns has-desktop-equal-layout has-tablet-equal-layout has-mobile-equal-layout has-vertical-flex-start\"><div class=\"wp-block-themeisle-blocks-advanced-columns-overlay\"><\/div><div class=\"innerblocks-wrap\">\n<div id=\"wp-block-themeisle-blocks-advanced-column-9df22226\" class=\"wp-block-themeisle-blocks-advanced-column\">\n<section id=\"wp-block-themeisle-blocks-advanced-columns-25c95699\" class=\"wp-block-themeisle-blocks-advanced-columns has-1-columns has-desktop-equal-layout has-tablet-equal-layout has-mobile-equal-layout has-vertical-flex-start\"><div class=\"wp-block-themeisle-blocks-advanced-columns-overlay\"><\/div><div class=\"innerblocks-wrap\">\n<div id=\"wp-block-themeisle-blocks-advanced-column-d4d9a4f8\" class=\"wp-block-themeisle-blocks-advanced-column\">\n<h6 class=\"wp-block-heading has-text-color\" style=\"color:#ee3832\"><strong><strong>F\u00dcR FAHRZEUGE UND TEILE<\/strong><\/strong><\/h6>\n\n\n\n<h2 class=\"wp-block-heading has-text-align-left has-text-color\" style=\"color:#ffffff;font-size:clamp(28.836px, 1.802rem + ((1vw - 3.2px) * 1.653), 50px);\"><strong>HOMOLOGATION<\/strong><\/h2>\n\n\n\n<p class=\"has-text-color\" style=\"color:#ffffff\">Erfahren Sie mehr \u00fcber unsere Homologationsdienstleistungen f\u00fcr Fahrzeuge und Fahrzeugteile. Fordern Sie Informationen von unseren Experten an.<\/p>\n\n\n\n<div style=\"height:20px\" aria-hidden=\"true\" class=\"wp-block-spacer\"><\/div>\n<\/div>\n<\/div><\/section>\n\n\n\n<section id=\"wp-block-themeisle-blocks-advanced-columns-b56443a0\" class=\"wp-block-themeisle-blocks-advanced-columns has-3-columns has-desktop-equal-layout has-tablet-equal-layout has-mobile-collapsedRows-layout has-vertical-unset has-wide-gap has-vertical-undefined\"><div class=\"wp-block-themeisle-blocks-advanced-columns-overlay\"><\/div><div class=\"innerblocks-wrap\">\n<div id=\"wp-block-themeisle-blocks-advanced-column-1bb9ffb4\" class=\"wp-block-themeisle-blocks-advanced-column has-light-bg\">\n<div id=\"wp-block-themeisle-blocks-font-awesome-icons-bfe41fd9\" class=\"wp-block-themeisle-blocks-font-awesome-icons\"><span class=\"wp-block-themeisle-blocks-font-awesome-icons-container\"><a href=\"https:\/\/demosites.io\/industrial-gb\/service-details\/\" target=\"_self\" rel=\"noopener noreferrer\"><i class=\"fas fa-car\"><\/i><\/a><\/span><\/div>\n\n\n\n<h3 class=\"wp-block-heading link-black has-text-color\" style=\"color:#070731;margin-top:0px\"><strong>Fahrzeug-Typgenehmigung<\/strong><\/h3>\n\n\n\n<p class=\"has-text-color has-link-color wp-elements-986e0392eb797928a15335bc0e7738d6\" style=\"color:#070731\">Nutzen Sie unsere Pr\u00fcf- und Zertifizierungsdienstleistungen f\u00fcr die gesetzlichen Konformit\u00e4tsprozesse der Fahrzeugproduktion f\u00fcr nationale und internationale M\u00e4rkte.<\/p>\n<\/div>\n\n\n\n<div id=\"wp-block-themeisle-blocks-advanced-column-e0a218d6\" class=\"wp-block-themeisle-blocks-advanced-column has-light-bg\">\n<div id=\"wp-block-themeisle-blocks-font-awesome-icons-205803dc\" class=\"wp-block-themeisle-blocks-font-awesome-icons\"><span class=\"wp-block-themeisle-blocks-font-awesome-icons-container\"><a href=\"https:\/\/demosites.io\/industrial-gb\/service-details\/\" target=\"_self\" rel=\"noopener noreferrer\"><i class=\"fas fa-arrows-alt\"><\/i><\/a><\/span><\/div>\n\n\n\n<h3 class=\"wp-block-heading link-black has-text-color has-link-color wp-elements-b646f94a52de67ee9c3326b4bca7f566\" style=\"color:#070731;margin-top:0px\"><strong>Bauteiltypgenehmigung<\/strong><\/h3>\n\n\n\n<p class=\"has-text-color has-link-color wp-elements-bcc67195e0873e3272508100189b5a84\" style=\"color:#070731\">Informieren Sie sich \u00fcber unsere Dienstleistungen bez\u00fcglich nationaler oder internationaler Homologationsgenehmigungen f\u00fcr Fahrzeugteile.<\/p>\n<\/div>\n\n\n\n<div id=\"wp-block-themeisle-blocks-advanced-column-0d3b88e5\" class=\"wp-block-themeisle-blocks-advanced-column has-light-bg\">\n<div id=\"wp-block-themeisle-blocks-font-awesome-icons-7fbdf200\" class=\"wp-block-themeisle-blocks-font-awesome-icons\"><span class=\"wp-block-themeisle-blocks-font-awesome-icons-container\"><a href=\"https:\/\/demosites.io\/industrial-gb\/service-details\/\" target=\"_self\" rel=\"noopener noreferrer\"><i class=\"fas fa-tools\"><\/i><\/a><\/span><\/div>\n\n\n\n<h3 class=\"wp-block-heading link-black has-text-color has-link-color wp-elements-6fc343d26ffd2d0eb835a1b74e7089a3\" style=\"color:#070731;margin-top:0px\"><strong>Projektdetails<\/strong><\/h3>\n\n\n\n<p class=\"has-text-color has-link-color wp-elements-92586c06f91e6c7ce24b04b388b26eaa\" style=\"color:#070731\">Entwickeln Sie Ihre produktionsbezogenen Homologationsprozesse in Zusammenarbeit mit unseren Experten.<\/p>\n<\/div>\n<\/div><\/section>\n\n\n\n<section id=\"wp-block-themeisle-blocks-advanced-columns-2155ed89\" class=\"wp-block-themeisle-blocks-advanced-columns has-1-columns has-desktop-equal-layout has-tablet-equal-layout has-mobile-equal-layout has-vertical-flex-start\"><div class=\"wp-block-themeisle-blocks-advanced-columns-overlay\"><\/div><div class=\"innerblocks-wrap\">\n<div id=\"wp-block-themeisle-blocks-advanced-column-ec9caa5d\" class=\"wp-block-themeisle-blocks-advanced-column\">\n<h6 class=\"wp-block-heading has-text-align-center has-text-color\" style=\"color:#ee3832\"><strong><a href=\"https:\/\/www.gaes.hu\/de\/homologationsdienstleistungen\/\" data-type=\"page\" data-id=\"198\"><strong>MEHR ENTDECKEN<\/strong><\/a><\/strong><\/h6>\n<\/div>\n<\/div><\/section>\n<\/div>\n<\/div><\/section>\n\n<div id=\"wp-block-themeisle-blocks-advanced-columns-f13c858f\" class=\"wp-block-themeisle-blocks-advanced-columns alignfull has-2-columns has-desktop-equal-layout has-tablet-equal-layout has-mobile-collapsedRows-layout has-vertical-center has-light-bg\"><div class=\"wp-block-themeisle-blocks-advanced-columns-overlay\"><\/div><div class=\"innerblocks-wrap\">\n<div id=\"wp-block-themeisle-blocks-advanced-column-f3ea1061\" class=\"wp-block-themeisle-blocks-advanced-column\">\n<h6 class=\"wp-block-heading has-text-color\" style=\"color:#ee3832\"><strong><strong>Erleben Sie den Unterschied.<\/strong><\/strong><\/h6>\n\n\n\n<h2 class=\"wp-block-heading has-text-color\" style=\"color:#070731;font-size:clamp(28.836px, 1.802rem + ((1vw - 3.2px) * 1.653), 50px);\"><strong><strong>Fahrzeugsicherheit und Schutz<\/strong><\/strong><\/h2>\n\n\n\n<p class=\"has-text-color has-link-color wp-elements-f0f3777c3cdb331bbdb6acb91dbca7b6\" style=\"color:#070731\">Wir bieten L\u00f6sungen mit unseren Expertenteams im Bereich der Standards und Vorschriften f\u00fcr Fahrzeugsicherheit und -schutz.<\/p>\n<\/div>\n\n\n\n<div id=\"wp-block-themeisle-blocks-advanced-column-87697e3c\" class=\"wp-block-themeisle-blocks-advanced-column\">\n<figure class=\"wp-block-image size-large\"><img loading=\"lazy\" decoding=\"async\" width=\"1024\" height=\"576\" src=\"https:\/\/www.gaes.hu\/wp-content\/uploads\/2026\/01\/GAP-Analizi-ve-Fonksiyonel-Emniyet-Yonetim-Sistemi-FSM-Kurulumu-1-1024x576.webp\" alt=\"\" class=\"wp-image-59\" srcset=\"https:\/\/www.gaes.hu\/wp-content\/uploads\/2026\/01\/GAP-Analizi-ve-Fonksiyonel-Emniyet-Yonetim-Sistemi-FSM-Kurulumu-1-1024x576.webp 1024w, https:\/\/www.gaes.hu\/wp-content\/uploads\/2026\/01\/GAP-Analizi-ve-Fonksiyonel-Emniyet-Yonetim-Sistemi-FSM-Kurulumu-1-300x169.webp 300w, https:\/\/www.gaes.hu\/wp-content\/uploads\/2026\/01\/GAP-Analizi-ve-Fonksiyonel-Emniyet-Yonetim-Sistemi-FSM-Kurulumu-1-768x432.webp 768w, https:\/\/www.gaes.hu\/wp-content\/uploads\/2026\/01\/GAP-Analizi-ve-Fonksiyonel-Emniyet-Yonetim-Sistemi-FSM-Kurulumu-1-1536x864.webp 1536w, https:\/\/www.gaes.hu\/wp-content\/uploads\/2026\/01\/GAP-Analizi-ve-Fonksiyonel-Emniyet-Yonetim-Sistemi-FSM-Kurulumu-1.webp 1920w\" sizes=\"auto, (max-width: 1024px) 100vw, 1024px\" \/><\/figure>\n<\/div>\n<\/div><\/div>\n\n<div id=\"wp-block-themeisle-blocks-advanced-columns-0756495c\" class=\"wp-block-themeisle-blocks-advanced-columns alignfull has-3-columns has-desktop-equal-layout has-tablet-equal-layout has-mobile-collapsedRows-layout has-vertical-unset has-light-bg\"><div class=\"wp-block-themeisle-blocks-advanced-columns-overlay\"><\/div><div class=\"innerblocks-wrap\">\n<div id=\"wp-block-themeisle-blocks-advanced-column-6e902b2a\" class=\"wp-block-themeisle-blocks-advanced-column has-light-bg\">\n<figure class=\"wp-block-image size-large has-custom-border\"><img loading=\"lazy\" decoding=\"async\" width=\"1024\" height=\"576\" src=\"https:\/\/www.gaes.hu\/wp-content\/uploads\/2026\/01\/Siber-Guvenlik-Testleri-Laboratuvar-CSMS-R155-21434-1-1024x576.webp\" alt=\"\" class=\"wp-image-81\" style=\"border-style:none;border-width:0px;border-radius:0px\" srcset=\"https:\/\/www.gaes.hu\/wp-content\/uploads\/2026\/01\/Siber-Guvenlik-Testleri-Laboratuvar-CSMS-R155-21434-1-1024x576.webp 1024w, https:\/\/www.gaes.hu\/wp-content\/uploads\/2026\/01\/Siber-Guvenlik-Testleri-Laboratuvar-CSMS-R155-21434-1-300x169.webp 300w, https:\/\/www.gaes.hu\/wp-content\/uploads\/2026\/01\/Siber-Guvenlik-Testleri-Laboratuvar-CSMS-R155-21434-1-768x432.webp 768w, https:\/\/www.gaes.hu\/wp-content\/uploads\/2026\/01\/Siber-Guvenlik-Testleri-Laboratuvar-CSMS-R155-21434-1-1536x864.webp 1536w, https:\/\/www.gaes.hu\/wp-content\/uploads\/2026\/01\/Siber-Guvenlik-Testleri-Laboratuvar-CSMS-R155-21434-1.webp 1920w\" sizes=\"auto, (max-width: 1024px) 100vw, 1024px\" \/><\/figure>\n\n\n\n<div id=\"wp-block-themeisle-blocks-advanced-columns-e37edc14\" class=\"wp-block-themeisle-blocks-advanced-columns has-1-columns has-desktop-equal-layout has-tablet-equal-layout has-mobile-equal-layout has-vertical-unset\"><div class=\"wp-block-themeisle-blocks-advanced-columns-overlay\"><\/div><div class=\"innerblocks-wrap\">\n<div id=\"wp-block-themeisle-blocks-advanced-column-7030cb7b\" class=\"wp-block-themeisle-blocks-advanced-column\">\n<h4 class=\"wp-block-heading has-text-color has-link-color wp-elements-b6a2956288f176eacb3effa6a0f543f8\" style=\"color:#070731\"><strong>Software-Updates<\/strong><\/h4>\n\n\n\n<p class=\"has-text-color has-link-color wp-elements-73ef0d76022e983b44c9cff2ecf0b1cb\" style=\"color:#070731\"><br\/>Sehen Sie sich unsere Dienstleistungen im Zusammenhang mit den Vorschriften <strong>ISO 24089<\/strong> und <strong>ECE R156<\/strong> an.<\/p>\n<\/div>\n<\/div><\/div>\n<\/div>\n\n\n\n<div id=\"wp-block-themeisle-blocks-advanced-column-33e99253\" class=\"wp-block-themeisle-blocks-advanced-column has-light-bg\">\n<figure class=\"wp-block-image size-large has-custom-border\"><img loading=\"lazy\" decoding=\"async\" width=\"1024\" height=\"576\" src=\"https:\/\/www.gaes.hu\/wp-content\/uploads\/2026\/01\/HARA-Uygulamalari-ve-Fonksiyonel-Emniyet-Konseptinin-Olusturulmasi-1-1024x576.webp\" alt=\"\" class=\"wp-image-60\" style=\"border-style:none;border-width:0px;border-radius:0px\" srcset=\"https:\/\/www.gaes.hu\/wp-content\/uploads\/2026\/01\/HARA-Uygulamalari-ve-Fonksiyonel-Emniyet-Konseptinin-Olusturulmasi-1-1024x576.webp 1024w, https:\/\/www.gaes.hu\/wp-content\/uploads\/2026\/01\/HARA-Uygulamalari-ve-Fonksiyonel-Emniyet-Konseptinin-Olusturulmasi-1-300x169.webp 300w, https:\/\/www.gaes.hu\/wp-content\/uploads\/2026\/01\/HARA-Uygulamalari-ve-Fonksiyonel-Emniyet-Konseptinin-Olusturulmasi-1-768x432.webp 768w, https:\/\/www.gaes.hu\/wp-content\/uploads\/2026\/01\/HARA-Uygulamalari-ve-Fonksiyonel-Emniyet-Konseptinin-Olusturulmasi-1-1536x864.webp 1536w, https:\/\/www.gaes.hu\/wp-content\/uploads\/2026\/01\/HARA-Uygulamalari-ve-Fonksiyonel-Emniyet-Konseptinin-Olusturulmasi-1.webp 1920w\" sizes=\"auto, (max-width: 1024px) 100vw, 1024px\" \/><\/figure>\n\n\n\n<div id=\"wp-block-themeisle-blocks-advanced-columns-ada2687f\" class=\"wp-block-themeisle-blocks-advanced-columns has-1-columns has-desktop-equal-layout has-tablet-equal-layout has-mobile-equal-layout has-vertical-unset\"><div class=\"wp-block-themeisle-blocks-advanced-columns-overlay\"><\/div><div class=\"innerblocks-wrap\">\n<div id=\"wp-block-themeisle-blocks-advanced-column-00013bfb\" class=\"wp-block-themeisle-blocks-advanced-column\">\n<h4 class=\"wp-block-heading has-text-color has-link-color wp-elements-39f105a27c8d02e2058365529ea3b3a0\" style=\"color:#070731\"><strong>Cybersicherheit<\/strong><\/h4>\n\n\n\n<p class=\"has-text-color has-link-color wp-elements-74f36eddc79e1998c164463b4981ab9f\" style=\"color:#070731\"><br\/>Arbeiten Sie mit unserem Expertenteam an den Cybersicherheits-Genehmigungsprozessen gem\u00e4\u00df den Vorschriften <strong>ISO\/SAE 21434<\/strong> und <strong>ECE R155<\/strong> zusammen.<\/p>\n<\/div>\n<\/div><\/div>\n<\/div>\n\n\n\n<div id=\"wp-block-themeisle-blocks-advanced-column-2b312319\" class=\"wp-block-themeisle-blocks-advanced-column has-light-bg\">\n<figure class=\"wp-block-image size-large has-custom-border\"><img loading=\"lazy\" decoding=\"async\" width=\"1024\" height=\"576\" src=\"https:\/\/www.gaes.hu\/wp-content\/uploads\/2026\/01\/Fonksiyonel-Emniyet-Egitim-ve-Farkindalik-Programlari-1-1024x576.webp\" alt=\"\" class=\"wp-image-58\" style=\"border-style:none;border-width:0px;border-radius:0px\" srcset=\"https:\/\/www.gaes.hu\/wp-content\/uploads\/2026\/01\/Fonksiyonel-Emniyet-Egitim-ve-Farkindalik-Programlari-1-1024x576.webp 1024w, https:\/\/www.gaes.hu\/wp-content\/uploads\/2026\/01\/Fonksiyonel-Emniyet-Egitim-ve-Farkindalik-Programlari-1-300x169.webp 300w, https:\/\/www.gaes.hu\/wp-content\/uploads\/2026\/01\/Fonksiyonel-Emniyet-Egitim-ve-Farkindalik-Programlari-1-768x432.webp 768w, https:\/\/www.gaes.hu\/wp-content\/uploads\/2026\/01\/Fonksiyonel-Emniyet-Egitim-ve-Farkindalik-Programlari-1-1536x864.webp 1536w, https:\/\/www.gaes.hu\/wp-content\/uploads\/2026\/01\/Fonksiyonel-Emniyet-Egitim-ve-Farkindalik-Programlari-1.webp 1920w\" sizes=\"auto, (max-width: 1024px) 100vw, 1024px\" \/><\/figure>\n\n\n\n<div id=\"wp-block-themeisle-blocks-advanced-columns-b27500bd\" class=\"wp-block-themeisle-blocks-advanced-columns has-1-columns has-desktop-equal-layout has-tablet-equal-layout has-mobile-equal-layout has-vertical-unset\"><div class=\"wp-block-themeisle-blocks-advanced-columns-overlay\"><\/div><div class=\"innerblocks-wrap\">\n<div id=\"wp-block-themeisle-blocks-advanced-column-e648a713\" class=\"wp-block-themeisle-blocks-advanced-column\">\n<h4 class=\"wp-block-heading has-text-color has-link-color wp-elements-15df9f3ab38e50ae0e5abc91a8db3ba6\" style=\"color:#070731\"><strong>FUSA<\/strong><\/h4>\n\n\n\n<p class=\"has-text-color has-link-color wp-elements-b4380f7601aa3b5d853100a928704495\" style=\"color:#070731\"><br\/>Steuern Sie Ihre Prozesse mit unseren Experten gem\u00e4\u00df dem funktionalen Sicherheitsstandard <strong>ISO 26262<\/strong>.<\/p>\n\n\n\n<h6 class=\"wp-block-heading has-text-color\" style=\"color:#fdb72b\"><a href=\"https:\/\/demosites.io\/industrial-gb\/service-details\/\" target=\"_blank\" rel=\"noopener\">WEITERLESEN<\/a><\/h6>\n<\/div>\n<\/div><\/div>\n<\/div>\n<\/div><\/div>\n\n<div id=\"wp-block-themeisle-blocks-advanced-columns-9fd36496\" class=\"wp-block-themeisle-blocks-advanced-columns alignfull has-2-columns has-desktop-equal-layout has-tablet-equal-layout has-mobile-collapsedRows-layout has-vertical-unset has-light-bg\"><div class=\"wp-block-themeisle-blocks-advanced-columns-overlay\"><\/div><div class=\"innerblocks-wrap\">\n<div id=\"wp-block-themeisle-blocks-advanced-column-55c8a819\" class=\"wp-block-themeisle-blocks-advanced-column has-light-bg\">\n<figure class=\"wp-block-image size-large has-custom-border\"><img loading=\"lazy\" decoding=\"async\" width=\"1024\" height=\"576\" src=\"https:\/\/www.gaes.hu\/wp-content\/uploads\/2026\/01\/Siber-Guvenlik-Testleri-Laboratuvar-CSMS-R155-21434-1-1024x576.webp\" alt=\"\" class=\"wp-image-81\" style=\"border-style:none;border-width:0px;border-radius:0px\" srcset=\"https:\/\/www.gaes.hu\/wp-content\/uploads\/2026\/01\/Siber-Guvenlik-Testleri-Laboratuvar-CSMS-R155-21434-1-1024x576.webp 1024w, https:\/\/www.gaes.hu\/wp-content\/uploads\/2026\/01\/Siber-Guvenlik-Testleri-Laboratuvar-CSMS-R155-21434-1-300x169.webp 300w, https:\/\/www.gaes.hu\/wp-content\/uploads\/2026\/01\/Siber-Guvenlik-Testleri-Laboratuvar-CSMS-R155-21434-1-768x432.webp 768w, https:\/\/www.gaes.hu\/wp-content\/uploads\/2026\/01\/Siber-Guvenlik-Testleri-Laboratuvar-CSMS-R155-21434-1-1536x864.webp 1536w, https:\/\/www.gaes.hu\/wp-content\/uploads\/2026\/01\/Siber-Guvenlik-Testleri-Laboratuvar-CSMS-R155-21434-1.webp 1920w\" sizes=\"auto, (max-width: 1024px) 100vw, 1024px\" \/><\/figure>\n\n\n\n<div id=\"wp-block-themeisle-blocks-advanced-columns-00c681af\" class=\"wp-block-themeisle-blocks-advanced-columns has-1-columns has-desktop-equal-layout has-tablet-equal-layout has-mobile-equal-layout has-vertical-unset\"><div class=\"wp-block-themeisle-blocks-advanced-columns-overlay\"><\/div><div class=\"innerblocks-wrap\">\n<div id=\"wp-block-themeisle-blocks-advanced-column-f2948f6e\" class=\"wp-block-themeisle-blocks-advanced-column\">\n<h4 class=\"wp-block-heading has-text-color has-link-color wp-elements-51af7812fdd67c63d1856940003ddab2\" style=\"color:#070731\">SOTIF<\/h4>\n\n\n\n<p class=\"has-text-color has-link-color wp-elements-de38fe72b318bea25d3e6f21ffeeb961\" style=\"color:#070731\">Stellen Sie die vollst\u00e4ndige Einhaltung von Standards <strong>\u00fcber ISO 26262 hinaus<\/strong> sicher.<\/p>\n<\/div>\n<\/div><\/div>\n<\/div>\n\n\n\n<div id=\"wp-block-themeisle-blocks-advanced-column-5ea92586\" class=\"wp-block-themeisle-blocks-advanced-column has-light-bg\">\n<figure class=\"wp-block-image size-large has-custom-border\"><img loading=\"lazy\" decoding=\"async\" width=\"1024\" height=\"576\" src=\"https:\/\/www.gaes.hu\/wp-content\/uploads\/2026\/01\/Fonksiyonel-Emniyet-Egitim-ve-Farkindalik-Programlari-1-1024x576.webp\" alt=\"\" class=\"wp-image-58\" style=\"border-style:none;border-width:0px;border-radius:0px\" srcset=\"https:\/\/www.gaes.hu\/wp-content\/uploads\/2026\/01\/Fonksiyonel-Emniyet-Egitim-ve-Farkindalik-Programlari-1-1024x576.webp 1024w, https:\/\/www.gaes.hu\/wp-content\/uploads\/2026\/01\/Fonksiyonel-Emniyet-Egitim-ve-Farkindalik-Programlari-1-300x169.webp 300w, https:\/\/www.gaes.hu\/wp-content\/uploads\/2026\/01\/Fonksiyonel-Emniyet-Egitim-ve-Farkindalik-Programlari-1-768x432.webp 768w, https:\/\/www.gaes.hu\/wp-content\/uploads\/2026\/01\/Fonksiyonel-Emniyet-Egitim-ve-Farkindalik-Programlari-1-1536x864.webp 1536w, https:\/\/www.gaes.hu\/wp-content\/uploads\/2026\/01\/Fonksiyonel-Emniyet-Egitim-ve-Farkindalik-Programlari-1.webp 1920w\" sizes=\"auto, (max-width: 1024px) 100vw, 1024px\" \/><\/figure>\n\n\n\n<div id=\"wp-block-themeisle-blocks-advanced-columns-9f2b7958\" class=\"wp-block-themeisle-blocks-advanced-columns has-1-columns has-desktop-equal-layout has-tablet-equal-layout has-mobile-equal-layout has-vertical-unset\"><div class=\"wp-block-themeisle-blocks-advanced-columns-overlay\"><\/div><div class=\"innerblocks-wrap\">\n<div id=\"wp-block-themeisle-blocks-advanced-column-7b85810c\" class=\"wp-block-themeisle-blocks-advanced-column\">\n<h4 class=\"wp-block-heading has-text-color has-link-color wp-elements-6092699ae19db0e59f7d2752338ef4fa\" style=\"color:#070731\">Automotive SPICE<\/h4>\n\n\n\n<p class=\"has-text-color has-link-color wp-elements-4ba54f586e8dd8cf49fc9ad6984f02f8\" style=\"color:#070731\">\u00dcberpr\u00fcfen und verbessern Sie die Qualit\u00e4t Ihrer Softwareentwicklungsprozesse.<\/p>\n<\/div>\n<\/div><\/div>\n<\/div>\n<\/div><\/div>\n\n<section id=\"wp-block-themeisle-blocks-advanced-columns-03d78f51\" class=\"wp-block-themeisle-blocks-advanced-columns alignfull has-1-columns has-desktop-equal-layout has-tablet-equal-layout has-mobile-equal-layout has-vertical-flex-start\"><div class=\"wp-block-themeisle-blocks-advanced-columns-overlay\"><\/div><div class=\"innerblocks-wrap\">\n<div id=\"wp-block-themeisle-blocks-advanced-column-f5ef6035\" class=\"wp-block-themeisle-blocks-advanced-column\">\n<section id=\"wp-block-themeisle-blocks-advanced-columns-d40d972d\" class=\"wp-block-themeisle-blocks-advanced-columns has-1-columns has-desktop-equal-layout has-tablet-equal-layout has-mobile-equal-layout has-vertical-flex-start\"><div class=\"wp-block-themeisle-blocks-advanced-columns-overlay\"><\/div><div class=\"innerblocks-wrap\">\n<div id=\"wp-block-themeisle-blocks-advanced-column-b3e970ed\" class=\"wp-block-themeisle-blocks-advanced-column\">\n<h6 class=\"wp-block-heading has-text-color\" style=\"color:#ee3832\"><strong><strong>PR\u00dcFUNG UND ZERTIFIZIERUNG<\/strong><\/strong><\/h6>\n\n\n\n<h2 class=\"wp-block-heading has-text-align-left has-text-color\" style=\"color:#ffffff\"><strong>Qualit\u00e4t und Sicherheit haben f\u00fcr uns oberste Priorit\u00e4t.<\/strong><\/h2>\n\n\n\n<p class=\"has-text-color\" style=\"color:#ffffff\">Als f\u00fchrende Organisation in den von uns vertretenen Branchen ist es unser Ziel, durch die Festlegung von Industriestandards und durch unsere Dienstleistungen dazu beizutragen, das Vertrauen der \u00d6ffentlichkeit in Qualit\u00e4t und Sicherheit in den von uns bedienten Regionen zu st\u00e4rken.<\/p>\n\n\n\n<p class=\"has-text-color\" style=\"color:#ffffff\">Kontaktieren Sie uns noch heute und erhalten Sie effektive, schnelle und zuverl\u00e4ssige L\u00f6sungen.<\/p>\n\n\n\n<div style=\"height:20px\" aria-hidden=\"true\" class=\"wp-block-spacer\"><\/div>\n<\/div>\n<\/div><\/section>\n<\/div>\n<\/div><\/section>\n","protected":false},"excerpt":{"rendered":"","protected":false},"author":1,"featured_media":0,"parent":0,"menu_order":0,"comment_status":"closed","ping_status":"closed","template":"","meta":{"_eb_attr":"","_themeisle_gutenberg_block_has_review":false,"footnotes":""},"class_list":["post-227","page","type-page","status-publish","hentry"],"blocksy_meta":[],"_links":{"self":[{"href":"https:\/\/www.gaes.hu\/de\/wp-json\/wp\/v2\/pages\/227","targetHints":{"allow":["GET"]}}],"collection":[{"href":"https:\/\/www.gaes.hu\/de\/wp-json\/wp\/v2\/pages"}],"about":[{"href":"https:\/\/www.gaes.hu\/de\/wp-json\/wp\/v2\/types\/page"}],"author":[{"embeddable":true,"href":"https:\/\/www.gaes.hu\/de\/wp-json\/wp\/v2\/users\/1"}],"replies":[{"embeddable":true,"href":"https:\/\/www.gaes.hu\/de\/wp-json\/wp\/v2\/comments?post=227"}],"version-history":[{"count":1,"href":"https:\/\/www.gaes.hu\/de\/wp-json\/wp\/v2\/pages\/227\/revisions"}],"predecessor-version":[{"id":228,"href":"https:\/\/www.gaes.hu\/de\/wp-json\/wp\/v2\/pages\/227\/revisions\/228"}],"wp:attachment":[{"href":"https:\/\/www.gaes.hu\/de\/wp-json\/wp\/v2\/media?parent=227"}],"curies":[{"name":"wp","href":"https:\/\/api.w.org\/{rel}","templated":true}]}}