{"id":313,"date":"2026-02-15T20:44:43","date_gmt":"2026-02-15T19:44:43","guid":{"rendered":"https:\/\/www.gaes.hu\/fahrzeugtypgenehmigung\/"},"modified":"2026-02-15T20:45:19","modified_gmt":"2026-02-15T19:45:19","slug":"fahrzeugtypgenehmigung","status":"publish","type":"page","link":"https:\/\/www.gaes.hu\/de\/fahrzeugtypgenehmigung\/","title":{"rendered":"Fahrzeugtypgenehmigung"},"content":{"rendered":"\n<section id=\"wp-block-themeisle-blocks-advanced-columns-9ac3ae90\" class=\"wp-block-themeisle-blocks-advanced-columns alignfull has-2-columns has-desktop-equal-layout has-tablet-equal-layout has-mobile-collapsedRows-layout has-vertical-center has-light-bg\"><div class=\"wp-block-themeisle-blocks-advanced-columns-overlay\"><\/div><div class=\"innerblocks-wrap\">\n<div id=\"wp-block-themeisle-blocks-advanced-column-9bb4678f\" class=\"wp-block-themeisle-blocks-advanced-column\">\n<figure class=\"wp-block-image size-large\"><img loading=\"lazy\" decoding=\"async\" width=\"1024\" height=\"576\" src=\"https:\/\/www.gaes.hu\/wp-content\/uploads\/2026\/01\/Gostergeler-ve-Kontroller-ECE-R121-1-1024x576.webp\" alt=\"\" class=\"wp-image-74\" srcset=\"https:\/\/www.gaes.hu\/wp-content\/uploads\/2026\/01\/Gostergeler-ve-Kontroller-ECE-R121-1-1024x576.webp 1024w, https:\/\/www.gaes.hu\/wp-content\/uploads\/2026\/01\/Gostergeler-ve-Kontroller-ECE-R121-1-300x169.webp 300w, https:\/\/www.gaes.hu\/wp-content\/uploads\/2026\/01\/Gostergeler-ve-Kontroller-ECE-R121-1-768x432.webp 768w, https:\/\/www.gaes.hu\/wp-content\/uploads\/2026\/01\/Gostergeler-ve-Kontroller-ECE-R121-1-1536x864.webp 1536w, https:\/\/www.gaes.hu\/wp-content\/uploads\/2026\/01\/Gostergeler-ve-Kontroller-ECE-R121-1.webp 1920w\" sizes=\"auto, (max-width: 1024px) 100vw, 1024px\" \/><\/figure>\n<\/div>\n\n\n\n<div id=\"wp-block-themeisle-blocks-advanced-column-6dcd8921\" class=\"wp-block-themeisle-blocks-advanced-column\">\n<h2 class=\"wp-block-heading has-text-align-left has-text-color has-link-color wp-elements-aa156230c7bec3eedd31a8c2234a933a\" style=\"color:#080808\"><strong>UNSERE FAHRZEUGTYPGENEHMIGUNGS-DIENSTLEISTUNGEN<\/strong><\/h2>\n\n\n\n<p class=\"has-text-align-left has-text-color has-link-color wp-elements-db7c4d66af295f7f134f37c42d0617ae\" style=\"color:#080808\">Erfahren Sie mehr \u00fcber unsere Fahrzeugtypgenehmigungs-Dienstleistungen, die sicherstellen, dass die Fahrzeugherstellung den nationalen und internationalen gesetzlichen Anforderungen entspricht.<\/p>\n<\/div>\n<\/div><\/section>\n\n<section id=\"wp-block-themeisle-blocks-advanced-columns-a5663609\" class=\"wp-block-themeisle-blocks-advanced-columns alignfull has-1-columns has-desktop-equal-layout has-tablet-equal-layout has-mobile-equal-layout has-vertical-flex-start has-light-bg\"><div class=\"wp-block-themeisle-blocks-advanced-columns-overlay\"><\/div><div class=\"innerblocks-wrap\">\n<div id=\"wp-block-themeisle-blocks-advanced-column-4c4fd106\" class=\"wp-block-themeisle-blocks-advanced-column\">\n<section id=\"wp-block-themeisle-blocks-advanced-columns-0eb219a1\" class=\"wp-block-themeisle-blocks-advanced-columns has-3-columns has-desktop-equal-layout has-tablet-equal-layout has-mobile-collapsedRows-layout has-vertical-flex-start\"><div class=\"wp-block-themeisle-blocks-advanced-columns-overlay\"><\/div><div class=\"innerblocks-wrap\">\n<div id=\"wp-block-themeisle-blocks-advanced-column-dce98669\" class=\"wp-block-themeisle-blocks-advanced-column\">\n<h2 class=\"wp-block-heading has-text-align-center has-text-color has-link-color wp-elements-8de9c8414091544693bb0bd672a58465\" style=\"color:#080808\">M<\/h2>\n\n\n\n<p class=\"has-text-align-center has-text-color has-link-color wp-elements-a7a524f419fe28cca543d5ead24184bb\" style=\"color:#080808\">Kontaktieren Sie uns f\u00fcr Typgenehmigungspr\u00fcf- und Zertifizierungsl\u00f6sungen f\u00fcr <strong>Personenkraftwagen der Kategorie M1<\/strong>, <strong>Wohnmobile<\/strong> sowie <strong>Busse der Kategorien M2 und M3<\/strong>.<\/p>\n<\/div>\n\n\n\n<div id=\"wp-block-themeisle-blocks-advanced-column-840de2b2\" class=\"wp-block-themeisle-blocks-advanced-column\">\n<h2 class=\"wp-block-heading has-text-align-center has-text-color has-link-color wp-elements-9f02bcde1fca8afd37980ff3cbd8d631\" style=\"color:#080808\">N<\/h2>\n\n\n\n<p class=\"has-text-align-center has-text-color has-link-color wp-elements-a0456728c01710ddd98f3823597efc24\" style=\"color:#080808\">F\u00fcr vollst\u00e4ndige Fahrzeugtypgenehmigungszertifikate f\u00fcr <strong>leichte Nutzfahrzeuge der Kategorie N1<\/strong> sowie <strong>Lastkraftwagen der Kategorien N2 und N3<\/strong> und Typgenehmigungsl\u00f6sungen f\u00fcr die <strong>mehrstufige Aufbauherstellung<\/strong> wenden Sie sich bitte an uns.<\/p>\n<\/div>\n\n\n\n<div id=\"wp-block-themeisle-blocks-advanced-column-2e2d3255\" class=\"wp-block-themeisle-blocks-advanced-column\">\n<h2 class=\"wp-block-heading has-text-align-center has-text-color has-link-color wp-elements-fc7338f301bcb4a7927a399273d51305\" style=\"color:#080808\">O<\/h2>\n\n\n\n<p class=\"has-text-align-center has-text-color has-link-color wp-elements-469d44723f32dc25ee26a2a60b8f1e31\" style=\"color:#080808\">Typgenehmigungszertifikate f\u00fcr <strong>leichte Anh\u00e4nger der Kategorien O1, O2<\/strong>, Wohnwagen, Tiny Houses sowie <strong>Anh\u00e4nger der Kategorien O3 und O4<\/strong>.<\/p>\n<\/div>\n<\/div><\/section>\n\n\n\n<section id=\"wp-block-themeisle-blocks-advanced-columns-804164d0\" class=\"wp-block-themeisle-blocks-advanced-columns has-3-columns has-desktop-equal-layout has-tablet-equal-layout has-mobile-collapsedRows-layout has-vertical-flex-start\"><div class=\"wp-block-themeisle-blocks-advanced-columns-overlay\"><\/div><div class=\"innerblocks-wrap\">\n<div id=\"wp-block-themeisle-blocks-advanced-column-0dc379eb\" class=\"wp-block-themeisle-blocks-advanced-column\">\n<h2 class=\"wp-block-heading has-text-align-center has-text-color has-link-color wp-elements-5c4b53850993223f76789aae35624b31\" style=\"color:#080808\">T<\/h2>\n\n\n\n<p class=\"has-text-align-center has-text-color has-link-color wp-elements-9a3e772a79c9894c2d13e2bb2e6217ff\" style=\"color:#080808\">Entdecken Sie unsere L\u00f6sungen f\u00fcr die Pr\u00fcf- und Zertifizierungsprozesse, die f\u00fcr die Typgenehmigung von <strong>Traktoren der Kategorie T<\/strong> erforderlich sind.<\/p>\n<\/div>\n\n\n\n<div id=\"wp-block-themeisle-blocks-advanced-column-598d6ee8\" class=\"wp-block-themeisle-blocks-advanced-column\">\n<h2 class=\"wp-block-heading has-text-align-center has-text-color has-link-color wp-elements-b51145c8dbc567aee66cf79728cfe1a5\" style=\"color:#080808\">R &amp; S<\/h2>\n\n\n\n<p class=\"has-text-align-center has-text-color has-link-color wp-elements-ac5b0abc9646111458eda8787dfa84ef\" style=\"color:#080808\">Mit unseren Pr\u00fcf- und Zertifizierungsl\u00f6sungen f\u00fcr die Typgenehmigungsverfahren von <strong>landwirtschaftlichen Anh\u00e4ngern und Arbeitsmaschinen<\/strong> stellen wir die Konformit\u00e4t Ihrer Produktion sicher.<\/p>\n<\/div>\n\n\n\n<div id=\"wp-block-themeisle-blocks-advanced-column-c2a37703\" class=\"wp-block-themeisle-blocks-advanced-column\">\n<h2 class=\"wp-block-heading has-text-align-center has-text-color has-link-color wp-elements-4ec97609a478cd0f8936a9ead7a010fc\" style=\"color:#080808\">L<\/h2>\n\n\n\n<p class=\"has-text-align-center has-text-color has-link-color wp-elements-e2c267eb2b266fb201c597a10259cf17\" style=\"color:#080808\">Bei den Homologationsprozessen f\u00fcr <strong>Motorr\u00e4der und Mopeds der Kategorie L<\/strong> begleiten Sie die Experten von GAES durch die Pr\u00fcf- und Zertifizierungsschritte.<\/p>\n<\/div>\n<\/div><\/section>\n<\/div>\n<\/div><\/section>\n\n<section id=\"wp-block-themeisle-blocks-advanced-columns-5bf726c2\" class=\"wp-block-themeisle-blocks-advanced-columns alignfull has-1-columns has-desktop-equal-layout has-tablet-equal-layout has-mobile-collapsedRows-layout has-vertical-center has-dark-bg\"><div class=\"wp-block-themeisle-blocks-advanced-columns-overlay\"><\/div><div class=\"innerblocks-wrap\">\n<div id=\"wp-block-themeisle-blocks-advanced-column-1ecc9713\" class=\"wp-block-themeisle-blocks-advanced-column\">\n<h2 class=\"wp-block-heading has-text-align-left has-text-color\" style=\"color:#ffffff\"><strong>Nationale und EU-Typgenehmigungszertifikate<\/strong><\/h2>\n\n\n\n<p class=\"has-text-align-left has-text-color\" style=\"color:#ffffff\">F\u00fcr Ihre Produktionen, die f\u00fcr den heimischen Markt bestimmt sind, bieten wir als <strong>akkreditierte technische Dienststelle<\/strong> Dienstleistungen in den Prozessen der <strong>A\u0130TM-Serienumr\u00fcstung<\/strong>, der <strong>Nationalen Typgenehmigung<\/strong> sowie der <strong>A\u0130TM-Einzelgenehmigung<\/strong> an.<\/p>\n\n\n\n<p class=\"has-text-align-left has-text-color\" style=\"color:#ffffff\">Mit unseren L\u00f6sungen f\u00fcr das <strong>EU-Typgenehmigungszertifikat<\/strong> unterst\u00fctzt Sie unser Expertenteam als <strong>zuverl\u00e4ssiger L\u00f6sungspartner<\/strong> sowohl bei Ihren nationalen als auch bei Ihren Exportaktivit\u00e4ten.<\/p>\n\n\n\n<div class=\"wp-block-buttons is-layout-flex wp-block-buttons-is-layout-flex\">\n<div class=\"wp-block-button is-style-primary\"><a class=\"wp-block-button__link has-text-color has-background has-link-color wp-element-button\" href=\"https:\/\/www.gaes.hu\/de\/kontakt\/\" style=\"border-radius:22px;color:#080808;background-color:#f0a733\"><br\/><strong>Kontakt<\/strong><\/a><\/div>\n<\/div>\n<\/div>\n<\/div><\/section>\n","protected":false},"excerpt":{"rendered":"","protected":false},"author":1,"featured_media":0,"parent":0,"menu_order":0,"comment_status":"closed","ping_status":"closed","template":"","meta":{"_eb_attr":"","_themeisle_gutenberg_block_has_review":false,"footnotes":""},"class_list":["post-313","page","type-page","status-publish","hentry"],"blocksy_meta":[],"_links":{"self":[{"href":"https:\/\/www.gaes.hu\/de\/wp-json\/wp\/v2\/pages\/313","targetHints":{"allow":["GET"]}}],"collection":[{"href":"https:\/\/www.gaes.hu\/de\/wp-json\/wp\/v2\/pages"}],"about":[{"href":"https:\/\/www.gaes.hu\/de\/wp-json\/wp\/v2\/types\/page"}],"author":[{"embeddable":true,"href":"https:\/\/www.gaes.hu\/de\/wp-json\/wp\/v2\/users\/1"}],"replies":[{"embeddable":true,"href":"https:\/\/www.gaes.hu\/de\/wp-json\/wp\/v2\/comments?post=313"}],"version-history":[{"count":1,"href":"https:\/\/www.gaes.hu\/de\/wp-json\/wp\/v2\/pages\/313\/revisions"}],"predecessor-version":[{"id":314,"href":"https:\/\/www.gaes.hu\/de\/wp-json\/wp\/v2\/pages\/313\/revisions\/314"}],"wp:attachment":[{"href":"https:\/\/www.gaes.hu\/de\/wp-json\/wp\/v2\/media?parent=313"}],"curies":[{"name":"wp","href":"https:\/\/api.w.org\/{rel}","templated":true}]}}