{"id":320,"date":"2026-02-15T21:38:14","date_gmt":"2026-02-15T20:38:14","guid":{"rendered":"https:\/\/www.gaes.hu\/bauteil-typgenehmigung\/"},"modified":"2026-02-15T21:39:03","modified_gmt":"2026-02-15T20:39:03","slug":"bauteil-typgenehmigung","status":"publish","type":"page","link":"https:\/\/www.gaes.hu\/de\/bauteil-typgenehmigung\/","title":{"rendered":"Bauteil-Typgenehmigung"},"content":{"rendered":"\n<section id=\"wp-block-themeisle-blocks-advanced-columns-9f8848a6\" class=\"wp-block-themeisle-blocks-advanced-columns alignfull has-2-columns has-desktop-equal-layout has-tablet-collapsedRows-layout has-mobile-collapsedRows-layout has-reverse-columns-tablet has-reverse-columns-mobile has-vertical-center has-dark-bg\"><div class=\"wp-block-themeisle-blocks-advanced-columns-overlay\"><\/div><div class=\"innerblocks-wrap\">\n<div id=\"wp-block-themeisle-blocks-advanced-column-cedf80ca\" class=\"wp-block-themeisle-blocks-advanced-column\">\n<h1 id=\"wp-block-themeisle-blocks-advanced-heading-ddc7a054\" class=\"wp-block-themeisle-blocks-advanced-heading wp-block-themeisle-blocks-advanced-heading-ddc7a054\"><strong>Bauteil-Typgenehmigung<\/strong><\/h1>\n\n\n\n<div style=\"height:40px\" aria-hidden=\"true\" class=\"wp-block-spacer\"><\/div>\n\n\n\n<p><\/p><p class=\"has-text-align-left ticss-3d5093b2 has-text-color\" style=\"color:#ffffff;margin-top:0;margin-bottom:30px;font-size:22px\">Internationale L\u00f6sungen f\u00fcr Fahrzeugkomponenten.<\/p>\n\n\n\n<p><strong>Unsere Bauteil-Typgenehmigungsdienste<\/strong> decken sowohl die Vorschriften der Europ\u00e4ischen Union (EU) als auch die Bestimmungen der Wirtschaftskommission der Vereinten Nationen f\u00fcr Europa (UN ECE) ab.<\/p>\n\n\n\n<p>Durch die Durchf\u00fchrung von Pr\u00fcfungen, die in unserem Akkreditierungs- und Autorisierungsbereich liegen, k\u00f6nnen Sie sicherstellen, dass Ihre Produktion \u00fcber eine international anerkannte Zertifizierung verf\u00fcgt und somit den Anforderungen der globalen M\u00e4rkte entspricht.<\/p>\n\n\n\n<div id=\"wp-block-themeisle-blocks-button-group-c6556822\" class=\"wp-block-themeisle-blocks-button-group wp-block-buttons\">\n<div id=\"wp-block-themeisle-blocks-button-06b24a9f\" class=\"wp-block-themeisle-blocks-button wp-block-button\"><a href=\"https:\/\/www.gaes.hu\/de\/gaes-17020-geltungsbereich\/\" target=\"_blank\" rel=\"noopener\" class=\"wp-block-button__link\"><span><strong>Unsere Berechtigungsliste ansehen<\/strong><\/span><\/a><\/div>\n<\/div>\n<\/div>\n\n\n\n<div id=\"wp-block-themeisle-blocks-advanced-column-48eed1bc\" class=\"wp-block-themeisle-blocks-advanced-column\"\/>\n<\/div><\/section>\n","protected":false},"excerpt":{"rendered":"","protected":false},"author":1,"featured_media":0,"parent":0,"menu_order":0,"comment_status":"closed","ping_status":"closed","template":"","meta":{"_eb_attr":"","_themeisle_gutenberg_block_has_review":false,"footnotes":""},"class_list":["post-320","page","type-page","status-publish","hentry"],"blocksy_meta":[],"_links":{"self":[{"href":"https:\/\/www.gaes.hu\/de\/wp-json\/wp\/v2\/pages\/320","targetHints":{"allow":["GET"]}}],"collection":[{"href":"https:\/\/www.gaes.hu\/de\/wp-json\/wp\/v2\/pages"}],"about":[{"href":"https:\/\/www.gaes.hu\/de\/wp-json\/wp\/v2\/types\/page"}],"author":[{"embeddable":true,"href":"https:\/\/www.gaes.hu\/de\/wp-json\/wp\/v2\/users\/1"}],"replies":[{"embeddable":true,"href":"https:\/\/www.gaes.hu\/de\/wp-json\/wp\/v2\/comments?post=320"}],"version-history":[{"count":1,"href":"https:\/\/www.gaes.hu\/de\/wp-json\/wp\/v2\/pages\/320\/revisions"}],"predecessor-version":[{"id":321,"href":"https:\/\/www.gaes.hu\/de\/wp-json\/wp\/v2\/pages\/320\/revisions\/321"}],"wp:attachment":[{"href":"https:\/\/www.gaes.hu\/de\/wp-json\/wp\/v2\/media?parent=320"}],"curies":[{"name":"wp","href":"https:\/\/api.w.org\/{rel}","templated":true}]}}