{"id":326,"date":"2026-02-15T21:41:10","date_gmt":"2026-02-15T20:41:10","guid":{"rendered":"https:\/\/www.gaes.hu\/ia-cop\/"},"modified":"2026-02-15T21:42:10","modified_gmt":"2026-02-15T20:42:10","slug":"ia-cop","status":"publish","type":"page","link":"https:\/\/www.gaes.hu\/de\/ia-cop\/","title":{"rendered":"IA &amp; COP"},"content":{"rendered":"\n<div id=\"wp-block-themeisle-blocks-advanced-columns-0082e7f2\" class=\"wp-block-themeisle-blocks-advanced-columns alignfull has-2-columns has-desktop-equal-layout has-tablet-equal-layout has-mobile-collapsedRows-layout has-vertical-unset\"><div class=\"wp-block-themeisle-blocks-advanced-columns-overlay\"><\/div><div class=\"innerblocks-wrap\">\n<div id=\"wp-block-themeisle-blocks-advanced-column-d3d8f5b4\" class=\"wp-block-themeisle-blocks-advanced-column has-light-bg\">\n<span id=\"wp-block-themeisle-blocks-advanced-heading-70698b89\" class=\"wp-block-themeisle-blocks-advanced-heading wp-block-themeisle-blocks-advanced-heading-70698b89\">IA &amp; COP<\/span>\n\n\n\n<h2 id=\"wp-block-themeisle-blocks-advanced-heading-4ec6bdfb\" class=\"wp-block-themeisle-blocks-advanced-heading wp-block-themeisle-blocks-advanced-heading-4ec6bdfb\"><strong>IA (Erstbewertung) und COP (Konformit\u00e4t der Produktion)<\/strong><\/h2>\n\n\n\n<p>F\u00fcr detaillierte Informationen zu unseren L\u00f6sungen im Zusammenhang mit den Prozessen der Erstbewertung (IA) und der Konformit\u00e4t der Produktion (COP) kontaktieren Sie bitte unsere Experten.<\/p>\n<\/div>\n\n\n\n<div id=\"wp-block-themeisle-blocks-advanced-column-ebaf5fd9\" class=\"wp-block-themeisle-blocks-advanced-column has-dark-bg\">\n<div class=\"wp-block-buttons is-horizontal is-content-justification-center is-layout-flex wp-container-core-buttons-is-layout-03627597 wp-block-buttons-is-layout-flex\">\n<div class=\"wp-block-button is-style-primary\"><a class=\"wp-block-button__link has-text-color has-background has-link-color has-custom-font-size wp-element-button\" href=\"https:\/\/www.gaes.hu\/de\/kontakt\/\" style=\"border-radius:0px;color:#ffffff;background-color:#d7393e;padding-top:20px;padding-right:40px;padding-bottom:20px;padding-left:40px;font-size:clamp(14px, 0.875rem + ((1vw - 3.2px) * 0.078), 15px);\"><br\/><strong>Informations- und Angebotsanfrage<\/strong><\/a><\/div>\n<\/div>\n<\/div>\n<\/div><\/div>\n","protected":false},"excerpt":{"rendered":"","protected":false},"author":1,"featured_media":164,"parent":0,"menu_order":0,"comment_status":"closed","ping_status":"closed","template":"","meta":{"_eb_attr":"","_themeisle_gutenberg_block_has_review":false,"footnotes":""},"class_list":["post-326","page","type-page","status-publish","has-post-thumbnail","hentry"],"blocksy_meta":[],"_links":{"self":[{"href":"https:\/\/www.gaes.hu\/de\/wp-json\/wp\/v2\/pages\/326","targetHints":{"allow":["GET"]}}],"collection":[{"href":"https:\/\/www.gaes.hu\/de\/wp-json\/wp\/v2\/pages"}],"about":[{"href":"https:\/\/www.gaes.hu\/de\/wp-json\/wp\/v2\/types\/page"}],"author":[{"embeddable":true,"href":"https:\/\/www.gaes.hu\/de\/wp-json\/wp\/v2\/users\/1"}],"replies":[{"embeddable":true,"href":"https:\/\/www.gaes.hu\/de\/wp-json\/wp\/v2\/comments?post=326"}],"version-history":[{"count":1,"href":"https:\/\/www.gaes.hu\/de\/wp-json\/wp\/v2\/pages\/326\/revisions"}],"predecessor-version":[{"id":327,"href":"https:\/\/www.gaes.hu\/de\/wp-json\/wp\/v2\/pages\/326\/revisions\/327"}],"wp:featuredmedia":[{"embeddable":true,"href":"https:\/\/www.gaes.hu\/de\/wp-json\/wp\/v2\/media\/164"}],"wp:attachment":[{"href":"https:\/\/www.gaes.hu\/de\/wp-json\/wp\/v2\/media?parent=326"}],"curies":[{"name":"wp","href":"https:\/\/api.w.org\/{rel}","templated":true}]}}