{"id":331,"date":"2026-02-15T21:45:38","date_gmt":"2026-02-15T20:45:38","guid":{"rendered":"https:\/\/www.gaes.hu\/regulatorisches-compliance-system\/"},"modified":"2026-02-15T21:59:47","modified_gmt":"2026-02-15T20:59:47","slug":"regulatorisches-compliance-system","status":"publish","type":"page","link":"https:\/\/www.gaes.hu\/de\/regulatorisches-compliance-system\/","title":{"rendered":"System zur Einhaltung gesetzlicher Vorschriften"},"content":{"rendered":"\n<section id=\"wp-block-themeisle-blocks-advanced-columns-cb87630d\" class=\"wp-block-themeisle-blocks-advanced-columns alignfull has-1-columns has-desktop-equal-layout has-tablet-equal-layout has-mobile-equal-layout has-vertical-center has-dark-bg\"><div class=\"wp-block-themeisle-blocks-advanced-columns-overlay\"><\/div><div class=\"innerblocks-wrap\">\n<div id=\"wp-block-themeisle-blocks-advanced-column-a521c34e\" class=\"wp-block-themeisle-blocks-advanced-column\">\n<h4 class=\"wp-block-heading has-text-align-center has-text-color\" style=\"color:#ffffff\">Mit unserem System zur Einhaltung von Vorschriften k\u00f6nnen Sie Aktualisierungen bez\u00fcglich nationaler und internationaler Gesetze, Richtlinien und Verordnungen verfolgen.<\/h4>\n\n\n\n<div class=\"wp-block-buttons is-content-justification-center is-layout-flex wp-container-core-buttons-is-layout-a89b3969 wp-block-buttons-is-layout-flex\">\n<div class=\"wp-block-button is-style-primary\"><a class=\"wp-block-button__link has-text-color has-background has-link-color wp-element-button\" href=\"https:\/\/www.gaes.hu\/de\/kontakt\/\" style=\"color:#080808;background-color:#f0a733\"><br\/><strong>Jetzt bewerben<\/strong><\/a><\/div>\n<\/div>\n<\/div>\n<\/div><\/section>\n\n<div id=\"wp-block-themeisle-blocks-advanced-columns-2cf4f087\" class=\"wp-block-themeisle-blocks-advanced-columns has-2-columns has-desktop-equal-layout has-tablet-equal-layout has-mobile-collapsedRows-layout has-vertical-unset\"><div class=\"wp-block-themeisle-blocks-advanced-columns-overlay\"><\/div><div class=\"innerblocks-wrap\">\n<div id=\"wp-block-themeisle-blocks-advanced-column-7466a785\" class=\"wp-block-themeisle-blocks-advanced-column\">\n<h2 class=\"wp-block-heading\"><strong>Sorgen Sie f\u00fcr aktuelle Gesetzeskonformit\u00e4t<\/strong><\/h2>\n\n\n\n<p>Die sich st\u00e4ndig \u00e4ndernden technischen Vorschriften in der Automobil- und Mobilit\u00e4tsbranche stellen f\u00fcr Hersteller und Zulieferer sowohl ein erhebliches Risikofaktor als auch eine strategische Notwendigkeit dar. Die pr\u00e4zise und zeitnahe Einhaltung von Vorschriften \u2013 von Produktentwicklungsprozessen \u00fcber Zertifizierung und Typgenehmigung bis hin zu After-Sales-Verpflichtungen und Marktzugang \u2013 verschafft Unternehmen einen Wettbewerbsvorteil.<\/p>\n\n\n\n<p>Das von Gaes entwickelte <strong>Gesetzeskonformit\u00e4tssystem<\/strong> bietet seinen Kunden aktuelle und gefilterte technische Rechtsinformationen in regelm\u00e4\u00dfiger und zuverl\u00e4ssiger Form.<\/p>\n<\/div>\n\n\n\n<div id=\"wp-block-themeisle-blocks-advanced-column-faec4f33\" class=\"wp-block-themeisle-blocks-advanced-column\">\n<h2 class=\"wp-block-heading\"><strong>F\u00fcr wen ist es geeignet?<\/strong><\/h2>\n\n\n\n<ul class=\"wp-block-list\">\n<li>Fahrzeug- und Komponentenhersteller (OEM und Tier-1)<\/li>\n\n\n\n<li>F und Produktmanagement-Teams<\/li>\n\n\n\n<li>Spezialisten f\u00fcr Typgenehmigung und Qualit\u00e4tsmanagementsysteme<\/li>\n\n\n\n<li>Abteilungen f\u00fcr Export, technische Vorschriften und Zertifizierung<\/li>\n\n\n\n<li>H\u00e4ndler und Importunternehmen<\/li>\n<\/ul>\n\n\n\n<p>Das <strong>Gesetzeskonformit\u00e4tssystem<\/strong> von Gaes unterst\u00fctzt Sie dabei, Vorschriften nicht nachtr\u00e4glich, sondern zeitnah und proaktiv zu verfolgen.<\/p>\n\n\n\n<p>Wenn Sie in die Verteilerliste aufgenommen werden m\u00f6chten, kontaktieren Sie uns bitte.<\/p>\n<\/div>\n<\/div><\/div>\n","protected":false},"excerpt":{"rendered":"","protected":false},"author":1,"featured_media":0,"parent":0,"menu_order":0,"comment_status":"closed","ping_status":"closed","template":"","meta":{"_eb_attr":"","_themeisle_gutenberg_block_has_review":false,"footnotes":""},"class_list":["post-331","page","type-page","status-publish","hentry"],"blocksy_meta":[],"_links":{"self":[{"href":"https:\/\/www.gaes.hu\/de\/wp-json\/wp\/v2\/pages\/331","targetHints":{"allow":["GET"]}}],"collection":[{"href":"https:\/\/www.gaes.hu\/de\/wp-json\/wp\/v2\/pages"}],"about":[{"href":"https:\/\/www.gaes.hu\/de\/wp-json\/wp\/v2\/types\/page"}],"author":[{"embeddable":true,"href":"https:\/\/www.gaes.hu\/de\/wp-json\/wp\/v2\/users\/1"}],"replies":[{"embeddable":true,"href":"https:\/\/www.gaes.hu\/de\/wp-json\/wp\/v2\/comments?post=331"}],"version-history":[{"count":3,"href":"https:\/\/www.gaes.hu\/de\/wp-json\/wp\/v2\/pages\/331\/revisions"}],"predecessor-version":[{"id":363,"href":"https:\/\/www.gaes.hu\/de\/wp-json\/wp\/v2\/pages\/331\/revisions\/363"}],"wp:attachment":[{"href":"https:\/\/www.gaes.hu\/de\/wp-json\/wp\/v2\/media?parent=331"}],"curies":[{"name":"wp","href":"https:\/\/api.w.org\/{rel}","templated":true}]}}