{"id":338,"date":"2026-02-15T21:51:08","date_gmt":"2026-02-15T20:51:08","guid":{"rendered":"https:\/\/www.gaes.hu\/sort-tests\/"},"modified":"2026-02-15T21:52:11","modified_gmt":"2026-02-15T20:52:11","slug":"sort-tests","status":"publish","type":"page","link":"https:\/\/www.gaes.hu\/de\/sort-tests\/","title":{"rendered":"SORT-Tests"},"content":{"rendered":"\n<div id=\"wp-block-themeisle-blocks-advanced-columns-9e4d40c1\" class=\"wp-block-themeisle-blocks-advanced-columns alignfull has-1-columns has-desktop-equal-layout has-tablet-equal-layout has-mobile-equal-layout has-vertical-unset\"><div class=\"wp-block-themeisle-blocks-advanced-columns-overlay\"><\/div><div class=\"innerblocks-wrap\">\n<div id=\"wp-block-themeisle-blocks-advanced-column-0cc5e16a\" class=\"wp-block-themeisle-blocks-advanced-column\">\n<h1 class=\"wp-block-heading has-text-color\" style=\"color:#ffffff;font-size:clamp(37.821px, 2.364rem + ((1vw - 3.2px) * 2.514), 70px);line-height:1\"><strong>SORT-Tests<\/strong><\/h1>\n\n\n\n<div style=\"height:30px\" aria-hidden=\"true\" class=\"wp-block-spacer\"><\/div>\n\n\n\n<p class=\"has-text-color\" style=\"color:#ffffff;font-size:clamp(14px, 0.875rem + ((1vw - 3.2px) * 0.391), 19px);px\"><strong>Standardisierte Fahrversuche im Stra\u00dfenverkehr<\/strong><br\/>F\u00fcr Schwerfahrzeuge und Busse ist die zuverl\u00e4ssige Messung des Kraftstoffverbrauchs und der Emissionsleistung entscheidend, um Entscheidungen auf der Grundlage pr\u00e4ziser technischer Daten treffen zu k\u00f6nnen.<\/p>\n\n\n\n<p class=\"has-text-color\" style=\"color:#ffffff;font-size:clamp(14px, 0.875rem + ((1vw - 3.2px) * 0.391), 19px);px\"><strong>Kontaktieren Sie unsere Experten<\/strong><\/p>\n\n\n\n<div style=\"height:40px\" aria-hidden=\"true\" class=\"wp-block-spacer\"><\/div>\n\n\n\n<div class=\"wp-block-buttons is-layout-flex wp-block-buttons-is-layout-flex\">\n<div class=\"wp-block-button is-style-primary\"><a class=\"wp-block-button__link has-text-color has-background has-link-color wp-element-button\" href=\"https:\/\/www.gaes.hu\/de\/kontakt\/\" style=\"border-style:none;border-width:0px;border-radius:0px;color:#ffffff;background-color:#ee3832\"><br\/><strong>Kontaktieren Sie unsere Experten<\/strong><\/a><\/div>\n<\/div>\n<\/div>\n<\/div><\/div>\n\n<div id=\"wp-block-themeisle-blocks-advanced-columns-81f9f30f\" class=\"wp-block-themeisle-blocks-advanced-columns alignfull has-2-columns has-desktop-equal-layout has-tablet-equal-layout has-mobile-collapsedRows-layout has-vertical-center has-light-bg\"><div class=\"wp-block-themeisle-blocks-advanced-columns-overlay\"><\/div><div class=\"innerblocks-wrap\">\n<div id=\"wp-block-themeisle-blocks-advanced-column-d10a7c4b\" class=\"wp-block-themeisle-blocks-advanced-column has-light-bg\">\n<figure class=\"wp-block-image size-large\"><img loading=\"lazy\" decoding=\"async\" width=\"1024\" height=\"576\" src=\"https:\/\/www.gaes.hu\/wp-content\/uploads\/2026\/01\/Siber-Guvenlik-Testleri-Laboratuvar-CSMS-R155-21434-1-1024x576.webp\" alt=\"\" class=\"wp-image-81\" srcset=\"https:\/\/www.gaes.hu\/wp-content\/uploads\/2026\/01\/Siber-Guvenlik-Testleri-Laboratuvar-CSMS-R155-21434-1-1024x576.webp 1024w, https:\/\/www.gaes.hu\/wp-content\/uploads\/2026\/01\/Siber-Guvenlik-Testleri-Laboratuvar-CSMS-R155-21434-1-300x169.webp 300w, https:\/\/www.gaes.hu\/wp-content\/uploads\/2026\/01\/Siber-Guvenlik-Testleri-Laboratuvar-CSMS-R155-21434-1-768x432.webp 768w, https:\/\/www.gaes.hu\/wp-content\/uploads\/2026\/01\/Siber-Guvenlik-Testleri-Laboratuvar-CSMS-R155-21434-1-1536x864.webp 1536w, https:\/\/www.gaes.hu\/wp-content\/uploads\/2026\/01\/Siber-Guvenlik-Testleri-Laboratuvar-CSMS-R155-21434-1.webp 1920w\" sizes=\"auto, (max-width: 1024px) 100vw, 1024px\" \/><\/figure>\n<\/div>\n\n\n\n<div id=\"wp-block-themeisle-blocks-advanced-column-f085e4fa\" class=\"wp-block-themeisle-blocks-advanced-column\">\n<h2 class=\"wp-block-heading has-text-color\" style=\"color:#070731;font-size:clamp(28.836px, 1.802rem + ((1vw - 3.2px) * 1.653), 50px);\"><strong><strong>SORT-Tests (Standardized On-Road Tests)<\/strong><\/strong><\/h2>\n\n\n\n<p class=\"has-text-color has-link-color wp-elements-8642f7b44b8692c2e8243beb7702ec4f\" style=\"color:#070731\">Die zuverl\u00e4ssige Messung des Kraftstoffverbrauchs und der Emissionsleistung von Schwerfahrzeugen und Bussen ist entscheidend, um Entscheidungen auf der Grundlage pr\u00e4ziser technischer Daten treffen zu k\u00f6nnen. Als Antwort auf diesen Bedarf bieten die angewandten <strong>SORT (Standardized On-Road Tests)<\/strong> Pr\u00fcfungen Herstellern und zust\u00e4ndigen Beh\u00f6rden standardisierte, zuverl\u00e4ssige und technisch validierte Messergebnisse.<\/p>\n<\/div>\n<\/div><\/div>\n\n<h3 class=\"wp-block-heading\"><strong>Zu welchem Zweck werden sie durchgef\u00fchrt?<\/strong><\/h3>\n\n<p>Mithilfe von SORT-Tests k\u00f6nnen Sie:<\/p>\n\n<ul class=\"wp-block-list\">\n<li>Den Kraftstoffverbrauch unter realen Verkehrs- und Lastbedingungen messen,<\/li>\n\n\n\n<li>Die Reaktion verschiedener Motor-, Getriebe- und Antriebsstrangl\u00f6sungen in unterschiedlichen Fahrszenarien vergleichen,<\/li>\n\n\n\n<li>Die Auswirkungen neuer Ger\u00e4te oder Software-Updates mit numerischen Daten bewerten,<\/li>\n\n\n\n<li>Eine technische Grundlage f\u00fcr Homologationsentscheidungen, Flotteneffizienzanalysen und Lieferantenvergleiche bereitstellen.<\/li>\n<\/ul>\n\n<h3 class=\"wp-block-heading\"><strong>Angewandte Testtypen<\/strong><\/h3>\n\n<figure class=\"wp-block-table\"><table class=\"has-fixed-layout\"><thead><tr><th><strong>Testtyp<\/strong><\/th><th><strong>Beschreibung<\/strong><\/th><\/tr><\/thead><tbody><tr><td><strong>SORT 1<\/strong><\/td><td>St\u00e4dtische Fahrbedingungen (niedrige Geschwindigkeit, h\u00e4ufiges Anfahren und Anhalten)<\/td><\/tr><tr><td><strong>SORT 2<\/strong><\/td><td>Au\u00dferst\u00e4dtische \/ l\u00e4ndliche Stra\u00dfenbedingungen (mittlere Geschwindigkeit)<\/td><\/tr><tr><td><strong>SORT 3<\/strong><\/td><td>Autobahn-Fahrszenario (hohe Geschwindigkeit)<\/td><\/tr><\/tbody><\/table><\/figure>\n\n<h3 class=\"wp-block-heading\"><strong>Der Beitrag von GAES<\/strong><\/h3>\n\n<ul class=\"wp-block-list\">\n<li>Planung von SORT-Tests, Entwicklung von Fahrszenarien und Routenoptimierung<\/li>\n\n\n\n<li>Analyse nach dem Test, Visualisierung und detaillierte technische Berichterstellung<\/li>\n\n\n\n<li>Individuelle L\u00f6sungen f\u00fcr die spezifischen Anforderungen von Ausschreibungs-\/Bewertungsaussch\u00fcssen (z. B. WLTP-Tests f\u00fcr Schwerfahrzeuge)<\/li>\n<\/ul>\n\n<p>F\u00fcr einen auf Ihr Projekt zugeschnittenen SORT-Testplan und ein Angebot kontaktieren Sie bitte die Experten von <strong>GAES<\/strong>.<\/p>\n","protected":false},"excerpt":{"rendered":"<p>Zu welchem Zweck werden sie durchgef\u00fchrt? Mithilfe von SORT-Tests k\u00f6nnen Sie: Angewandte Testtypen Testtyp Beschreibung SORT 1 St\u00e4dtische Fahrbedingungen (niedrige Geschwindigkeit, h\u00e4ufiges Anfahren und Anhalten) SORT 2 Au\u00dferst\u00e4dtische \/ l\u00e4ndliche Stra\u00dfenbedingungen (mittlere Geschwindigkeit) SORT 3 Autobahn-Fahrszenario (hohe Geschwindigkeit) Der Beitrag von GAES F\u00fcr einen auf Ihr Projekt zugeschnittenen SORT-Testplan und ein Angebot kontaktieren Sie bitte [&hellip;]<\/p>\n","protected":false},"author":1,"featured_media":0,"parent":0,"menu_order":0,"comment_status":"closed","ping_status":"closed","template":"","meta":{"_eb_attr":"","_themeisle_gutenberg_block_has_review":false,"footnotes":""},"class_list":["post-338","page","type-page","status-publish","hentry"],"blocksy_meta":[],"_links":{"self":[{"href":"https:\/\/www.gaes.hu\/de\/wp-json\/wp\/v2\/pages\/338","targetHints":{"allow":["GET"]}}],"collection":[{"href":"https:\/\/www.gaes.hu\/de\/wp-json\/wp\/v2\/pages"}],"about":[{"href":"https:\/\/www.gaes.hu\/de\/wp-json\/wp\/v2\/types\/page"}],"author":[{"embeddable":true,"href":"https:\/\/www.gaes.hu\/de\/wp-json\/wp\/v2\/users\/1"}],"replies":[{"embeddable":true,"href":"https:\/\/www.gaes.hu\/de\/wp-json\/wp\/v2\/comments?post=338"}],"version-history":[{"count":1,"href":"https:\/\/www.gaes.hu\/de\/wp-json\/wp\/v2\/pages\/338\/revisions"}],"predecessor-version":[{"id":339,"href":"https:\/\/www.gaes.hu\/de\/wp-json\/wp\/v2\/pages\/338\/revisions\/339"}],"wp:attachment":[{"href":"https:\/\/www.gaes.hu\/de\/wp-json\/wp\/v2\/media?parent=338"}],"curies":[{"name":"wp","href":"https:\/\/api.w.org\/{rel}","templated":true}]}}