{"id":343,"date":"2026-02-15T21:55:23","date_gmt":"2026-02-15T20:55:23","guid":{"rendered":"https:\/\/www.gaes.hu\/marktforschungsdienstleistungen\/"},"modified":"2026-02-15T21:59:03","modified_gmt":"2026-02-15T20:59:03","slug":"marktforschungsdienstleistungen","status":"publish","type":"page","link":"https:\/\/www.gaes.hu\/de\/marktforschungsdienstleistungen\/","title":{"rendered":"Marktforschungsdienstleistungen"},"content":{"rendered":"\n<div id=\"wp-block-themeisle-blocks-advanced-columns-9e4d40c1\" class=\"wp-block-themeisle-blocks-advanced-columns alignfull has-1-columns has-desktop-equal-layout has-tablet-equal-layout has-mobile-equal-layout has-vertical-unset\"><div class=\"wp-block-themeisle-blocks-advanced-columns-overlay\"><\/div><div class=\"innerblocks-wrap\">\n<div id=\"wp-block-themeisle-blocks-advanced-column-0cc5e16a\" class=\"wp-block-themeisle-blocks-advanced-column\">\n<h1 class=\"wp-block-heading has-text-color\" style=\"color:#ffffff;font-size:clamp(37.821px, 2.364rem + ((1vw - 3.2px) * 2.514), 70px);line-height:1\"><strong>Marktforschungsdienstleistungen<\/strong><\/h1>\n\n\n\n<p class=\"has-text-color\" style=\"color:#ffffff;font-size:clamp(14px, 0.875rem + ((1vw - 3.2px) * 0.391), 19px);px\">Vor der Einf\u00fchrung eines neuen Produkts oder der Expansion bestehender Produkte in neue Regionen bilden <strong>zuverl\u00e4ssige und datengest\u00fctzte Marktinformationen<\/strong> die Grundlage f\u00fcr fundierte strategische Entscheidungen.<\/p>\n\n\n\n<div style=\"height:40px\" aria-hidden=\"true\" class=\"wp-block-spacer\"><\/div>\n\n\n\n<div class=\"wp-block-buttons is-layout-flex wp-block-buttons-is-layout-flex\">\n<div class=\"wp-block-button\"><a class=\"wp-block-button__link wp-element-button\" href=\"https:\/\/www.gaes.hu\/de\/kontakt\/\"><br\/><strong>Details<\/strong><\/a><\/div>\n<\/div>\n<\/div>\n<\/div><\/div>\n\n<div id=\"wp-block-themeisle-blocks-advanced-columns-81f9f30f\" class=\"wp-block-themeisle-blocks-advanced-columns alignfull has-1-columns has-desktop-equal-layout has-tablet-equal-layout has-mobile-collapsedRows-layout has-vertical-center has-light-bg\"><div class=\"wp-block-themeisle-blocks-advanced-columns-overlay\"><\/div><div class=\"innerblocks-wrap\">\n<div id=\"wp-block-themeisle-blocks-advanced-column-f085e4fa\" class=\"wp-block-themeisle-blocks-advanced-column\">\n<p>Vor der Einf\u00fchrung neuer Produkte oder der Expansion bestehender Produkte in neue M\u00e4rkte ist eine pr\u00e4zise, datengest\u00fctzte Entscheidungsfindung unerl\u00e4sslich. Die <strong>Gaes<\/strong> bietet ihren Kunden, gest\u00fctzt auf ihre Expertise in der Automobil- und Mobilit\u00e4tsbranche, <strong>zielorientierte, technisch fundierte und entscheidungsunterst\u00fctzende Marktforschung<\/strong> an.<\/p>\n\n\n\n<h3 class=\"wp-block-heading\"><strong>Warum Marktforschung?<\/strong><\/h3>\n\n\n\n<ul class=\"wp-block-list\">\n<li>Analyse der regulatorischen Konformit\u00e4t pro Markt<\/li>\n\n\n\n<li>Vorab-Identifizierung rechtlicher, technischer und operativer Risiken in neuen M\u00e4rkten<\/li>\n<\/ul>\n\n\n\n<h3 class=\"wp-block-heading\"><strong>Unsere Fachgebiete<\/strong><\/h3>\n\n\n\n<ul class=\"wp-block-list\">\n<li>Automobil- und Nutzfahrzeuge<\/li>\n\n\n\n<li>Elektrofahrzeuge und Batterietechnologien<\/li>\n\n\n\n<li>Technische Regulierung, Zertifizierung und Homologation<\/li>\n\n\n\n<li>M\u00e4rkte in Europa, dem Nahen Osten und Fernost<\/li>\n<\/ul>\n\n\n\n<p>Um Ihre Produkte und Marke <strong>vorbereitet und selbstbewusst<\/strong> auf den Markt zu bringen, stehen Ihnen die <strong>Marktforschungsdienstleistungen von Gaes<\/strong> zur Verf\u00fcgung. Kontaktieren Sie uns f\u00fcr weitere Informationen.<\/p>\n<\/div>\n<\/div><\/div>\n","protected":false},"excerpt":{"rendered":"","protected":false},"author":1,"featured_media":0,"parent":0,"menu_order":0,"comment_status":"closed","ping_status":"closed","template":"","meta":{"_eb_attr":"","_themeisle_gutenberg_block_has_review":false,"footnotes":""},"class_list":["post-343","page","type-page","status-publish","hentry"],"blocksy_meta":[],"_links":{"self":[{"href":"https:\/\/www.gaes.hu\/de\/wp-json\/wp\/v2\/pages\/343","targetHints":{"allow":["GET"]}}],"collection":[{"href":"https:\/\/www.gaes.hu\/de\/wp-json\/wp\/v2\/pages"}],"about":[{"href":"https:\/\/www.gaes.hu\/de\/wp-json\/wp\/v2\/types\/page"}],"author":[{"embeddable":true,"href":"https:\/\/www.gaes.hu\/de\/wp-json\/wp\/v2\/users\/1"}],"replies":[{"embeddable":true,"href":"https:\/\/www.gaes.hu\/de\/wp-json\/wp\/v2\/comments?post=343"}],"version-history":[{"count":2,"href":"https:\/\/www.gaes.hu\/de\/wp-json\/wp\/v2\/pages\/343\/revisions"}],"predecessor-version":[{"id":358,"href":"https:\/\/www.gaes.hu\/de\/wp-json\/wp\/v2\/pages\/343\/revisions\/358"}],"wp:attachment":[{"href":"https:\/\/www.gaes.hu\/de\/wp-json\/wp\/v2\/media?parent=343"}],"curies":[{"name":"wp","href":"https:\/\/api.w.org\/{rel}","templated":true}]}}