{"id":90,"date":"2026-01-13T22:55:16","date_gmt":"2026-01-13T21:55:16","guid":{"rendered":"https:\/\/www.gaes.hu\/unternehmen\/"},"modified":"2026-01-13T23:24:02","modified_gmt":"2026-01-13T22:24:02","slug":"unternehmen","status":"publish","type":"page","link":"https:\/\/www.gaes.hu\/de\/unternehmen\/","title":{"rendered":"UNTERNEHMEN"},"content":{"rendered":"\n<div class=\"wp-block-group alignfull has-white-background-color has-background is-layout-constrained wp-block-group-is-layout-constrained\" style=\"padding-top:7rem;padding-bottom:7rem\">\n<div class=\"wp-block-columns are-vertically-aligned-center is-layout-flex wp-container-core-columns-is-layout-057bf1b1 wp-block-columns-is-layout-flex\">\n<div class=\"wp-block-column is-vertically-aligned-center is-layout-flow wp-block-column-is-layout-flow\" style=\"flex-basis:60%\">\n<figure class=\"wp-block-image size-full is-resized\" style=\"margin-bottom:50px\"><img loading=\"lazy\" decoding=\"async\" width=\"530\" height=\"234\" src=\"https:\/\/www.gaes.hu\/wp-content\/uploads\/2026\/01\/GAES-logo-1-e1768340706111.png\" alt=\"GAES Pr&#xFC;fung und Zertifizierung\" class=\"wp-image-14\" style=\"width:104px;height:auto\" srcset=\"https:\/\/www.gaes.hu\/wp-content\/uploads\/2026\/01\/GAES-logo-1-e1768340706111.png 530w, https:\/\/www.gaes.hu\/wp-content\/uploads\/2026\/01\/GAES-logo-1-e1768340706111-300x132.png 300w\" sizes=\"auto, (max-width: 530px) 100vw, 530px\" \/><\/figure>\n\n\n\n<h2 class=\"wp-block-heading has-black-color has-text-color has-link-color wp-elements-05de7c4085983a506170774fbfc85944\" style=\"border-top-color:#0000001f;border-top-style:solid;border-top-width:1px;border-bottom-color:#0000001f;border-bottom-style:solid;border-bottom-width:1px;margin-top:50px;margin-bottom:50px;padding-top:50px;padding-bottom:50px\"><em>GAES wurde von einem Expertenteam gegr\u00fcndet, das \u00fcber umfassende Erfahrung in der Entwicklung, Pr\u00fcfung und Zertifizierung von Automobilprodukten verf\u00fcgt und seine T\u00e4tigkeit speziell auf die Erbringung von Pr\u00fcf- und Zertifizierungsdienstleistungen in diesem Fachgebiet konzentriert.<\/em><\/h2>\n\n\n\n<p><strong>Unser Engagement<\/strong><\/p>\n\n\n\n<p>Unser Ziel ist es, unseren Herstellerpartnern mit unserem Expertenteam unter Einhaltung hoher Qualit\u00e4tsstandards zuverl\u00e4ssige und professionelle L\u00f6sungen anzubieten.<\/p>\n<\/div>\n\n\n\n<div class=\"wp-block-column is-vertically-aligned-center is-layout-flow wp-block-column-is-layout-flow\">\n<figure class=\"wp-block-image size-full has-custom-border\"><img loading=\"lazy\" decoding=\"async\" width=\"1920\" height=\"1080\" src=\"https:\/\/www.gaes.hu\/wp-content\/uploads\/2026\/01\/Test-ve-Dogrulama-Stratejisinin-Belirlenmesi-ve-Uygulanmasi.webp\" alt=\"Automobil-Homologation GAES Pr&#xFC;fung und Zertifizierung\" class=\"wp-image-24\" style=\"border-radius:20px;aspect-ratio:3\/4;object-fit:cover\" srcset=\"https:\/\/www.gaes.hu\/wp-content\/uploads\/2026\/01\/Test-ve-Dogrulama-Stratejisinin-Belirlenmesi-ve-Uygulanmasi.webp 1920w, https:\/\/www.gaes.hu\/wp-content\/uploads\/2026\/01\/Test-ve-Dogrulama-Stratejisinin-Belirlenmesi-ve-Uygulanmasi-300x169.webp 300w, https:\/\/www.gaes.hu\/wp-content\/uploads\/2026\/01\/Test-ve-Dogrulama-Stratejisinin-Belirlenmesi-ve-Uygulanmasi-1024x576.webp 1024w, https:\/\/www.gaes.hu\/wp-content\/uploads\/2026\/01\/Test-ve-Dogrulama-Stratejisinin-Belirlenmesi-ve-Uygulanmasi-768x432.webp 768w, https:\/\/www.gaes.hu\/wp-content\/uploads\/2026\/01\/Test-ve-Dogrulama-Stratejisinin-Belirlenmesi-ve-Uygulanmasi-1536x864.webp 1536w\" sizes=\"auto, (max-width: 1920px) 100vw, 1920px\" \/><\/figure>\n<\/div>\n<\/div>\n<\/div>\n","protected":false},"excerpt":{"rendered":"<p>GAES wurde von einem Expertenteam gegr\u00fcndet, das \u00fcber umfassende Erfahrung in der Entwicklung, Pr\u00fcfung und Zertifizierung von Automobilprodukten verf\u00fcgt und seine T\u00e4tigkeit speziell auf die Erbringung von Pr\u00fcf- und Zertifizierungsdienstleistungen in diesem Fachgebiet konzentriert. Unser Engagement Unser Ziel ist es, unseren Herstellerpartnern mit unserem Expertenteam unter Einhaltung hoher Qualit\u00e4tsstandards zuverl\u00e4ssige und professionelle L\u00f6sungen anzubieten.<\/p>\n","protected":false},"author":1,"featured_media":96,"parent":0,"menu_order":0,"comment_status":"closed","ping_status":"closed","template":"","meta":{"_eb_attr":"","_themeisle_gutenberg_block_has_review":false,"footnotes":""},"class_list":["post-90","page","type-page","status-publish","has-post-thumbnail","hentry"],"blocksy_meta":[],"_links":{"self":[{"href":"https:\/\/www.gaes.hu\/de\/wp-json\/wp\/v2\/pages\/90","targetHints":{"allow":["GET"]}}],"collection":[{"href":"https:\/\/www.gaes.hu\/de\/wp-json\/wp\/v2\/pages"}],"about":[{"href":"https:\/\/www.gaes.hu\/de\/wp-json\/wp\/v2\/types\/page"}],"author":[{"embeddable":true,"href":"https:\/\/www.gaes.hu\/de\/wp-json\/wp\/v2\/users\/1"}],"replies":[{"embeddable":true,"href":"https:\/\/www.gaes.hu\/de\/wp-json\/wp\/v2\/comments?post=90"}],"version-history":[{"count":1,"href":"https:\/\/www.gaes.hu\/de\/wp-json\/wp\/v2\/pages\/90\/revisions"}],"predecessor-version":[{"id":120,"href":"https:\/\/www.gaes.hu\/de\/wp-json\/wp\/v2\/pages\/90\/revisions\/120"}],"wp:featuredmedia":[{"embeddable":true,"href":"https:\/\/www.gaes.hu\/de\/wp-json\/wp\/v2\/media\/96"}],"wp:attachment":[{"href":"https:\/\/www.gaes.hu\/de\/wp-json\/wp\/v2\/media?parent=90"}],"curies":[{"name":"wp","href":"https:\/\/api.w.org\/{rel}","templated":true}]}}